{"id":589,"date":"2024-06-14T15:44:46","date_gmt":"2024-06-14T13:44:46","guid":{"rendered":"https:\/\/randochevalbonnemazou.com\/?post_type=product&#038;p=589"},"modified":"2025-11-14T20:56:57","modified_gmt":"2025-11-14T19:56:57","slug":"le-desert-des-bardenas","status":"publish","type":"product","link":"https:\/\/randochevalbonnemazou.com\/index.php\/produit\/le-desert-des-bardenas\/","title":{"rendered":"Le D\u00e9sert des Bardenas"},"content":{"rendered":"\t\t<div data-elementor-type=\"wp-post\" data-elementor-id=\"589\" class=\"elementor elementor-589\">\n\t\t\t\t<div class=\"elementor-element elementor-element-459879fa e-flex e-con-boxed wpr-particle-no wpr-jarallax-no wpr-parallax-no wpr-sticky-section-no e-con e-parent\" data-id=\"459879fa\" data-element_type=\"container\" data-e-type=\"container\">\n\t\t\t\t\t<div class=\"e-con-inner\">\n\t\t\t\t<div class=\"elementor-element elementor-element-349b84ba elementor-widget elementor-widget-text-editor\" data-id=\"349b84ba\" data-element_type=\"widget\" data-e-type=\"widget\" data-widget_type=\"text-editor.default\">\n\t\t\t\t<div class=\"elementor-widget-container\">\n\t\t\t\t\t\t\t\t\t<p>Venez d\u00e9couvrir un paysage digne des grands d\u00e9serts, territoire de Navarre et d\u2019Aragon impr\u00e9gn\u00e9 de sa culture pastorale ancestrale. Plongez au c\u0153ur de l\u2019histoire des villages m\u00e9di\u00e9vaux \u00e0 Sos del Rey Cat\u00f3lico.<\/p><hr \/><p>\u00a0<\/p><hr \/><p><span style=\"text-decoration: underline;\">Dur\u00e9e :<\/span> 4\u00a0 ou 7 jours<\/p><p><span style=\"text-decoration: underline;\">P\u00e9riode :<\/span> Toute l&rsquo;ann\u00e9e sauf Juillet et Ao\u00fbt<\/p><p><span style=\"text-decoration: underline;\">Itin\u00e9raire :<\/span><\/p><ul><li>1er Jour : Puente la Reina de Jaca \u2013 Ruesta<\/li><li>2e Jour : Ruesta \u2013 Sos del Rey Cat\u00f3lico<\/li><li>3e Jour : Sos del Rey Cat\u00f3lico \u2013 Figarol<\/li><li>4e Jour : Figarol \u2013 Cabane<\/li><li>5e Jour : Cabane \u2013 Cabane<\/li><li>6e Jour : Cabane \u2013\u00a0 Cabane<\/li><li>7e Jour :\u00a0 Cabane \u2013 Monument du Berger<\/li><\/ul>\t\t\t\t\t\t\t\t<\/div>\n\t\t\t\t<\/div>\n\t\t\t\t\t<\/div>\n\t\t\t\t<\/div>\n\t\t<div class=\"elementor-element elementor-element-59342ad e-flex e-con-boxed wpr-particle-no wpr-jarallax-no wpr-parallax-no wpr-sticky-section-no e-con e-parent\" data-id=\"59342ad\" data-element_type=\"container\" data-e-type=\"container\">\n\t\t\t\t\t<div class=\"e-con-inner\">\n\t\t\t\t<div class=\"elementor-element elementor-element-fa3f4af elementor-widget elementor-widget-heading\" data-id=\"fa3f4af\" data-element_type=\"widget\" data-e-type=\"widget\" data-widget_type=\"heading.default\">\n\t\t\t\t<div class=\"elementor-widget-container\">\n\t\t\t\t\t<h2 class=\"elementor-heading-title elementor-size-default\"><span style=\"font-family: Syne, sans-serif;font-size: 12px;font-style: normal;font-weight: 600;text-align: center\">Les itin\u00e9raires sont donn\u00e9s \u00e0 titre indicatif et pourront \u00eatre modifi\u00e9s par l'organisateur en fonction de la saison ou des conditions climatiques.<\/span><\/h2>\t\t\t\t<\/div>\n\t\t\t\t<\/div>\n\t\t\t\t\t<\/div>\n\t\t\t\t<\/div>\n\t\t\t\t<\/div>\n\t\t","protected":false},"excerpt":{"rendered":"<p>Venez d\u00e9couvrir un paysage digne des grands d\u00e9serts, territoire de Navarre et d\u2019Aragon impr\u00e9gn\u00e9 de sa culture pastorale ancestrale. Plongez au c\u0153ur de l\u2019histoire des villages m\u00e9di\u00e9vaux \u00e0 Sos del Rey Cat\u00f3lico.<\/p>\n","protected":false},"featured_media":215,"template":"","meta":[],"product_brand":[],"product_cat":[18],"product_tag":[],"class_list":{"0":"post-589","1":"product","2":"type-product","3":"status-publish","4":"has-post-thumbnail","6":"product_cat-non-classe","7":"entry","8":"has-media","10":"first","11":"instock","12":"shipping-taxable","13":"purchasable","14":"product-type-simple"},"yoast_head":"<!-- This site is optimized with the Yoast SEO plugin v27.1.1 - https:\/\/yoast.com\/product\/yoast-seo-wordpress\/ -->\n<title>Le D\u00e9sert des Bardenas - Randonn\u00e9es \u00e0 cheval Bonnemazou<\/title>\n<meta name=\"robots\" content=\"index, follow, max-snippet:-1, max-image-preview:large, max-video-preview:-1\" \/>\n<link rel=\"canonical\" href=\"https:\/\/randochevalbonnemazou.com\/index.php\/produit\/le-desert-des-bardenas\/\" \/>\n<meta property=\"og:locale\" content=\"fr_FR\" \/>\n<meta property=\"og:type\" content=\"article\" \/>\n<meta property=\"og:title\" content=\"Le D\u00e9sert des Bardenas - Randonn\u00e9es \u00e0 cheval Bonnemazou\" \/>\n<meta property=\"og:description\" content=\"Venez d\u00e9couvrir un paysage digne des grands d\u00e9serts, territoire de Navarre et d\u2019Aragon impr\u00e9gn\u00e9 de sa culture pastorale ancestrale. Plongez au c\u0153ur de l\u2019histoire des villages m\u00e9di\u00e9vaux \u00e0 Sos del Rey Cat\u00f3lico.\" \/>\n<meta property=\"og:url\" content=\"https:\/\/randochevalbonnemazou.com\/index.php\/produit\/le-desert-des-bardenas\/\" \/>\n<meta property=\"og:site_name\" content=\"Randonn\u00e9es \u00e0 cheval Bonnemazou\" \/>\n<meta property=\"article:modified_time\" content=\"2025-11-14T19:56:57+00:00\" \/>\n<meta property=\"og:image\" content=\"https:\/\/randochevalbonnemazou.com\/wp-content\/uploads\/2024\/03\/desert-bardenas-1-2018.jpg\" \/>\n\t<meta property=\"og:image:width\" content=\"1181\" \/>\n\t<meta property=\"og:image:height\" content=\"664\" \/>\n\t<meta property=\"og:image:type\" content=\"image\/jpeg\" \/>\n<meta name=\"twitter:card\" content=\"summary_large_image\" \/>\n<meta name=\"twitter:label1\" content=\"Dur\u00e9e de lecture estim\u00e9e\" \/>\n\t<meta name=\"twitter:data1\" content=\"1 minute\" \/>\n<script type=\"application\/ld+json\" class=\"yoast-schema-graph\">{\"@context\":\"https:\/\/schema.org\",\"@graph\":[{\"@type\":\"WebPage\",\"@id\":\"https:\/\/randochevalbonnemazou.com\/index.php\/produit\/le-desert-des-bardenas\/\",\"url\":\"https:\/\/randochevalbonnemazou.com\/index.php\/produit\/le-desert-des-bardenas\/\",\"name\":\"Le D\u00e9sert des Bardenas - Randonn\u00e9es \u00e0 cheval Bonnemazou\",\"isPartOf\":{\"@id\":\"https:\/\/randochevalbonnemazou.com\/#website\"},\"primaryImageOfPage\":{\"@id\":\"https:\/\/randochevalbonnemazou.com\/index.php\/produit\/le-desert-des-bardenas\/#primaryimage\"},\"image\":{\"@id\":\"https:\/\/randochevalbonnemazou.com\/index.php\/produit\/le-desert-des-bardenas\/#primaryimage\"},\"thumbnailUrl\":\"https:\/\/randochevalbonnemazou.com\/wp-content\/uploads\/2024\/03\/desert-bardenas-1-2018.jpg\",\"datePublished\":\"2024-06-14T13:44:46+00:00\",\"dateModified\":\"2025-11-14T19:56:57+00:00\",\"breadcrumb\":{\"@id\":\"https:\/\/randochevalbonnemazou.com\/index.php\/produit\/le-desert-des-bardenas\/#breadcrumb\"},\"inLanguage\":\"fr-FR\",\"potentialAction\":[{\"@type\":\"ReadAction\",\"target\":[\"https:\/\/randochevalbonnemazou.com\/index.php\/produit\/le-desert-des-bardenas\/\"]}]},{\"@type\":\"ImageObject\",\"inLanguage\":\"fr-FR\",\"@id\":\"https:\/\/randochevalbonnemazou.com\/index.php\/produit\/le-desert-des-bardenas\/#primaryimage\",\"url\":\"https:\/\/randochevalbonnemazou.com\/wp-content\/uploads\/2024\/03\/desert-bardenas-1-2018.jpg\",\"contentUrl\":\"https:\/\/randochevalbonnemazou.com\/wp-content\/uploads\/2024\/03\/desert-bardenas-1-2018.jpg\",\"width\":1181,\"height\":664},{\"@type\":\"BreadcrumbList\",\"@id\":\"https:\/\/randochevalbonnemazou.com\/index.php\/produit\/le-desert-des-bardenas\/#breadcrumb\",\"itemListElement\":[{\"@type\":\"ListItem\",\"position\":1,\"name\":\"Accueil\",\"item\":\"https:\/\/randochevalbonnemazou.com\/\"},{\"@type\":\"ListItem\",\"position\":2,\"name\":\"Produits\",\"item\":\"https:\/\/randochevalbonnemazou.com\/index.php\/shop\/\"},{\"@type\":\"ListItem\",\"position\":3,\"name\":\"Le D\u00e9sert des Bardenas\"}]},{\"@type\":\"WebSite\",\"@id\":\"https:\/\/randochevalbonnemazou.com\/#website\",\"url\":\"https:\/\/randochevalbonnemazou.com\/\",\"name\":\"Randonn\u00e9es \u00e0 cheval Bonnemazou\",\"description\":\"\",\"publisher\":{\"@id\":\"https:\/\/randochevalbonnemazou.com\/#\/schema\/person\/c5349355bf191cee665369b9c791061c\"},\"potentialAction\":[{\"@type\":\"SearchAction\",\"target\":{\"@type\":\"EntryPoint\",\"urlTemplate\":\"https:\/\/randochevalbonnemazou.com\/?s={search_term_string}\"},\"query-input\":{\"@type\":\"PropertyValueSpecification\",\"valueRequired\":true,\"valueName\":\"search_term_string\"}}],\"inLanguage\":\"fr-FR\"},{\"@type\":[\"Person\",\"Organization\"],\"@id\":\"https:\/\/randochevalbonnemazou.com\/#\/schema\/person\/c5349355bf191cee665369b9c791061c\",\"name\":\"randochevalbonnemazou.com\",\"image\":{\"@type\":\"ImageObject\",\"inLanguage\":\"fr-FR\",\"@id\":\"https:\/\/randochevalbonnemazou.com\/#\/schema\/person\/image\/\",\"url\":\"https:\/\/randochevalbonnemazou.com\/wp-content\/uploads\/2024\/03\/Logo-amarillo.png\",\"contentUrl\":\"https:\/\/randochevalbonnemazou.com\/wp-content\/uploads\/2024\/03\/Logo-amarillo.png\",\"width\":1044,\"height\":608,\"caption\":\"randochevalbonnemazou.com\"},\"logo\":{\"@id\":\"https:\/\/randochevalbonnemazou.com\/#\/schema\/person\/image\/\"},\"sameAs\":[\"https:\/\/randochevalbonnemazou.com\"]}]}<\/script>\n<!-- \/ Yoast SEO plugin. -->","yoast_head_json":{"title":"Le D\u00e9sert des Bardenas - Randonn\u00e9es \u00e0 cheval Bonnemazou","robots":{"index":"index","follow":"follow","max-snippet":"max-snippet:-1","max-image-preview":"max-image-preview:large","max-video-preview":"max-video-preview:-1"},"canonical":"https:\/\/randochevalbonnemazou.com\/index.php\/produit\/le-desert-des-bardenas\/","og_locale":"fr_FR","og_type":"article","og_title":"Le D\u00e9sert des Bardenas - Randonn\u00e9es \u00e0 cheval Bonnemazou","og_description":"Venez d\u00e9couvrir un paysage digne des grands d\u00e9serts, territoire de Navarre et d\u2019Aragon impr\u00e9gn\u00e9 de sa culture pastorale ancestrale. Plongez au c\u0153ur de l\u2019histoire des villages m\u00e9di\u00e9vaux \u00e0 Sos del Rey Cat\u00f3lico.","og_url":"https:\/\/randochevalbonnemazou.com\/index.php\/produit\/le-desert-des-bardenas\/","og_site_name":"Randonn\u00e9es \u00e0 cheval Bonnemazou","article_modified_time":"2025-11-14T19:56:57+00:00","og_image":[{"width":1181,"height":664,"url":"https:\/\/randochevalbonnemazou.com\/wp-content\/uploads\/2024\/03\/desert-bardenas-1-2018.jpg","type":"image\/jpeg"}],"twitter_card":"summary_large_image","twitter_misc":{"Dur\u00e9e de lecture estim\u00e9e":"1 minute"},"schema":{"@context":"https:\/\/schema.org","@graph":[{"@type":"WebPage","@id":"https:\/\/randochevalbonnemazou.com\/index.php\/produit\/le-desert-des-bardenas\/","url":"https:\/\/randochevalbonnemazou.com\/index.php\/produit\/le-desert-des-bardenas\/","name":"Le D\u00e9sert des Bardenas - Randonn\u00e9es \u00e0 cheval Bonnemazou","isPartOf":{"@id":"https:\/\/randochevalbonnemazou.com\/#website"},"primaryImageOfPage":{"@id":"https:\/\/randochevalbonnemazou.com\/index.php\/produit\/le-desert-des-bardenas\/#primaryimage"},"image":{"@id":"https:\/\/randochevalbonnemazou.com\/index.php\/produit\/le-desert-des-bardenas\/#primaryimage"},"thumbnailUrl":"https:\/\/randochevalbonnemazou.com\/wp-content\/uploads\/2024\/03\/desert-bardenas-1-2018.jpg","datePublished":"2024-06-14T13:44:46+00:00","dateModified":"2025-11-14T19:56:57+00:00","breadcrumb":{"@id":"https:\/\/randochevalbonnemazou.com\/index.php\/produit\/le-desert-des-bardenas\/#breadcrumb"},"inLanguage":"fr-FR","potentialAction":[{"@type":"ReadAction","target":["https:\/\/randochevalbonnemazou.com\/index.php\/produit\/le-desert-des-bardenas\/"]}]},{"@type":"ImageObject","inLanguage":"fr-FR","@id":"https:\/\/randochevalbonnemazou.com\/index.php\/produit\/le-desert-des-bardenas\/#primaryimage","url":"https:\/\/randochevalbonnemazou.com\/wp-content\/uploads\/2024\/03\/desert-bardenas-1-2018.jpg","contentUrl":"https:\/\/randochevalbonnemazou.com\/wp-content\/uploads\/2024\/03\/desert-bardenas-1-2018.jpg","width":1181,"height":664},{"@type":"BreadcrumbList","@id":"https:\/\/randochevalbonnemazou.com\/index.php\/produit\/le-desert-des-bardenas\/#breadcrumb","itemListElement":[{"@type":"ListItem","position":1,"name":"Accueil","item":"https:\/\/randochevalbonnemazou.com\/"},{"@type":"ListItem","position":2,"name":"Produits","item":"https:\/\/randochevalbonnemazou.com\/index.php\/shop\/"},{"@type":"ListItem","position":3,"name":"Le D\u00e9sert des Bardenas"}]},{"@type":"WebSite","@id":"https:\/\/randochevalbonnemazou.com\/#website","url":"https:\/\/randochevalbonnemazou.com\/","name":"Randonn\u00e9es \u00e0 cheval Bonnemazou","description":"","publisher":{"@id":"https:\/\/randochevalbonnemazou.com\/#\/schema\/person\/c5349355bf191cee665369b9c791061c"},"potentialAction":[{"@type":"SearchAction","target":{"@type":"EntryPoint","urlTemplate":"https:\/\/randochevalbonnemazou.com\/?s={search_term_string}"},"query-input":{"@type":"PropertyValueSpecification","valueRequired":true,"valueName":"search_term_string"}}],"inLanguage":"fr-FR"},{"@type":["Person","Organization"],"@id":"https:\/\/randochevalbonnemazou.com\/#\/schema\/person\/c5349355bf191cee665369b9c791061c","name":"randochevalbonnemazou.com","image":{"@type":"ImageObject","inLanguage":"fr-FR","@id":"https:\/\/randochevalbonnemazou.com\/#\/schema\/person\/image\/","url":"https:\/\/randochevalbonnemazou.com\/wp-content\/uploads\/2024\/03\/Logo-amarillo.png","contentUrl":"https:\/\/randochevalbonnemazou.com\/wp-content\/uploads\/2024\/03\/Logo-amarillo.png","width":1044,"height":608,"caption":"randochevalbonnemazou.com"},"logo":{"@id":"https:\/\/randochevalbonnemazou.com\/#\/schema\/person\/image\/"},"sameAs":["https:\/\/randochevalbonnemazou.com"]}]}},"_links":{"self":[{"href":"https:\/\/randochevalbonnemazou.com\/index.php\/wp-json\/wp\/v2\/product\/589","targetHints":{"allow":["GET"]}}],"collection":[{"href":"https:\/\/randochevalbonnemazou.com\/index.php\/wp-json\/wp\/v2\/product"}],"about":[{"href":"https:\/\/randochevalbonnemazou.com\/index.php\/wp-json\/wp\/v2\/types\/product"}],"version-history":[{"count":6,"href":"https:\/\/randochevalbonnemazou.com\/index.php\/wp-json\/wp\/v2\/product\/589\/revisions"}],"predecessor-version":[{"id":986,"href":"https:\/\/randochevalbonnemazou.com\/index.php\/wp-json\/wp\/v2\/product\/589\/revisions\/986"}],"wp:featuredmedia":[{"embeddable":true,"href":"https:\/\/randochevalbonnemazou.com\/index.php\/wp-json\/wp\/v2\/media\/215"}],"wp:attachment":[{"href":"https:\/\/randochevalbonnemazou.com\/index.php\/wp-json\/wp\/v2\/media?parent=589"}],"wp:term":[{"taxonomy":"product_brand","embeddable":true,"href":"https:\/\/randochevalbonnemazou.com\/index.php\/wp-json\/wp\/v2\/product_brand?post=589"},{"taxonomy":"product_cat","embeddable":true,"href":"https:\/\/randochevalbonnemazou.com\/index.php\/wp-json\/wp\/v2\/product_cat?post=589"},{"taxonomy":"product_tag","embeddable":true,"href":"https:\/\/randochevalbonnemazou.com\/index.php\/wp-json\/wp\/v2\/product_tag?post=589"}],"curies":[{"name":"wp","href":"https:\/\/api.w.org\/{rel}","templated":true}]}}