{"id":587,"date":"2024-06-14T15:42:57","date_gmt":"2024-06-14T13:42:57","guid":{"rendered":"https:\/\/randochevalbonnemazou.com\/?post_type=product&#038;p=587"},"modified":"2025-11-17T21:14:39","modified_gmt":"2025-11-17T20:14:39","slug":"la-vallee-de-tena","status":"publish","type":"product","link":"https:\/\/randochevalbonnemazou.com\/index.php\/produit\/la-vallee-de-tena\/","title":{"rendered":"La Vall\u00e9e de Tena"},"content":{"rendered":"\t\t<div data-elementor-type=\"wp-post\" data-elementor-id=\"587\" class=\"elementor elementor-587\">\n\t\t\t\t<div class=\"elementor-element elementor-element-7a0d3638 e-flex e-con-boxed wpr-particle-no wpr-jarallax-no wpr-parallax-no wpr-sticky-section-no e-con e-parent\" data-id=\"7a0d3638\" data-element_type=\"container\" data-e-type=\"container\">\n\t\t\t\t\t<div class=\"e-con-inner\">\n\t\t\t\t<div class=\"elementor-element elementor-element-4f680d5a elementor-widget elementor-widget-text-editor\" data-id=\"4f680d5a\" data-element_type=\"widget\" data-e-type=\"widget\" data-widget_type=\"text-editor.default\">\n\t\t\t\t<div class=\"elementor-widget-container\">\n\t\t\t\t\t\t\t\t\t<p>La vall\u00e9e de la Garcipollera (R\u00e9serve Nationale) nous m\u00e8nera au village de Biescas. La mont\u00e9e vers Santa Elena donne un avant go\u00fbt des paysages grandiose de haute montagne de Pe\u00f1a Telera.<\/p><hr \/><hr \/><p>\u00a0<\/p><p><span style=\"text-decoration: underline;\">Dur\u00e9e :<\/span> 4\u00a0 ou 7 jours<\/p><p><span style=\"text-decoration: underline;\">P\u00e9riode :<\/span> Mars &#8211; Novembre<\/p><p><span style=\"text-decoration: underline;\">Itin\u00e9raire :<\/span><\/p><ul><li>1er Jour : Jaca \u2013 Larr\u00e9s<\/li><li>2e Jour : Larr\u00e9s \u2013 Gavin<\/li><li>3e Jour : Gavin \u2013 Piedrafita de Jaca<\/li><li>4e Jour : Piedrafita de Jaca\u2013 Tramacastilla de Tena (Tour au Col de La Partacua)<\/li><li>5e Jour : Tramacastilla de Tena \u2013 Sallent de G\u00e1llego<\/li><li>6e Jour : Sallent de G\u00e1llego \u2013 Portalet<\/li><li>7e Jour : Portalet \u2013 Lac d\u2019Anayet<\/li><\/ul>\t\t\t\t\t\t\t\t<\/div>\n\t\t\t\t<\/div>\n\t\t\t\t\t<\/div>\n\t\t\t\t<\/div>\n\t\t<div class=\"elementor-element elementor-element-6a94e1a e-flex e-con-boxed wpr-particle-no wpr-jarallax-no wpr-parallax-no wpr-sticky-section-no e-con e-parent\" data-id=\"6a94e1a\" data-element_type=\"container\" data-e-type=\"container\">\n\t\t\t\t\t<div class=\"e-con-inner\">\n\t\t\t\t<div class=\"elementor-element elementor-element-2cd55e0 elementor-widget elementor-widget-heading\" data-id=\"2cd55e0\" data-element_type=\"widget\" data-e-type=\"widget\" data-widget_type=\"heading.default\">\n\t\t\t\t<div class=\"elementor-widget-container\">\n\t\t\t\t\t<h2 class=\"elementor-heading-title elementor-size-default\"><span style=\"font-family: Syne, sans-serif;font-size: 12px;font-style: normal;font-weight: 600;text-align: center\">Les itin\u00e9raires sont donn\u00e9s \u00e0 titre indicatif et pourront \u00eatre modifi\u00e9s par l'organisateur en fonction de la saison ou des conditions climatiques.<\/span><\/h2>\t\t\t\t<\/div>\n\t\t\t\t<\/div>\n\t\t\t\t\t<\/div>\n\t\t\t\t<\/div>\n\t\t<div class=\"elementor-element elementor-element-ff8affa e-flex e-con-boxed wpr-particle-no wpr-jarallax-no wpr-parallax-no wpr-sticky-section-no e-con e-parent\" data-id=\"ff8affa\" data-element_type=\"container\" data-e-type=\"container\">\n\t\t\t\t\t<div class=\"e-con-inner\">\n\t\t\t\t<div class=\"elementor-element elementor-element-8b1a3f4 elementor-align-center elementor-widget__width-initial elementor-widget elementor-widget-button\" data-id=\"8b1a3f4\" data-element_type=\"widget\" data-e-type=\"widget\" data-widget_type=\"button.default\">\n\t\t\t\t<div class=\"elementor-widget-container\">\n\t\t\t\t\t\t\t\t\t<div class=\"elementor-button-wrapper\">\n\t\t\t\t\t<a class=\"elementor-button elementor-button-link elementor-size-sm\" href=\"https:\/\/www.youtube.com\/watch?v=DyBVKI6DIhk\">\n\t\t\t\t\t\t<span class=\"elementor-button-content-wrapper\">\n\t\t\t\t\t\t<span class=\"elementor-button-icon\">\n\t\t\t\t<svg aria-hidden=\"true\" class=\"e-font-icon-svg e-fas-film\" viewBox=\"0 0 512 512\" xmlns=\"http:\/\/www.w3.org\/2000\/svg\"><path d=\"M488 64h-8v20c0 6.6-5.4 12-12 12h-40c-6.6 0-12-5.4-12-12V64H96v20c0 6.6-5.4 12-12 12H44c-6.6 0-12-5.4-12-12V64h-8C10.7 64 0 74.7 0 88v336c0 13.3 10.7 24 24 24h8v-20c0-6.6 5.4-12 12-12h40c6.6 0 12 5.4 12 12v20h320v-20c0-6.6 5.4-12 12-12h40c6.6 0 12 5.4 12 12v20h8c13.3 0 24-10.7 24-24V88c0-13.3-10.7-24-24-24zM96 372c0 6.6-5.4 12-12 12H44c-6.6 0-12-5.4-12-12v-40c0-6.6 5.4-12 12-12h40c6.6 0 12 5.4 12 12v40zm0-96c0 6.6-5.4 12-12 12H44c-6.6 0-12-5.4-12-12v-40c0-6.6 5.4-12 12-12h40c6.6 0 12 5.4 12 12v40zm0-96c0 6.6-5.4 12-12 12H44c-6.6 0-12-5.4-12-12v-40c0-6.6 5.4-12 12-12h40c6.6 0 12 5.4 12 12v40zm272 208c0 6.6-5.4 12-12 12H156c-6.6 0-12-5.4-12-12v-96c0-6.6 5.4-12 12-12h200c6.6 0 12 5.4 12 12v96zm0-168c0 6.6-5.4 12-12 12H156c-6.6 0-12-5.4-12-12v-96c0-6.6 5.4-12 12-12h200c6.6 0 12 5.4 12 12v96zm112 152c0 6.6-5.4 12-12 12h-40c-6.6 0-12-5.4-12-12v-40c0-6.6 5.4-12 12-12h40c6.6 0 12 5.4 12 12v40zm0-96c0 6.6-5.4 12-12 12h-40c-6.6 0-12-5.4-12-12v-40c0-6.6 5.4-12 12-12h40c6.6 0 12 5.4 12 12v40zm0-96c0 6.6-5.4 12-12 12h-40c-6.6 0-12-5.4-12-12v-40c0-6.6 5.4-12 12-12h40c6.6 0 12 5.4 12 12v40z\"><\/path><\/svg>\t\t\t<\/span>\n\t\t\t\t\t\t\t\t\t<span class=\"elementor-button-text\">VID\u00c9O<\/span>\n\t\t\t\t\t<\/span>\n\t\t\t\t\t<\/a>\n\t\t\t\t<\/div>\n\t\t\t\t\t\t\t\t<\/div>\n\t\t\t\t<\/div>\n\t\t\t\t\t<\/div>\n\t\t\t\t<\/div>\n\t\t\t\t<\/div>\n\t\t","protected":false},"excerpt":{"rendered":"<p>La vall\u00e9e de la Garcipollera (R\u00e9serve Nationale) nous m\u00e8nera au village de Biescas. La mont\u00e9e vers Santa Elena donne un avant go\u00fbt des paysages grandiose de haute montagne de Pe\u00f1a Telera.<\/p>\n","protected":false},"featured_media":871,"template":"","meta":[],"product_brand":[],"product_cat":[18],"product_tag":[],"class_list":{"0":"post-587","1":"product","2":"type-product","3":"status-publish","4":"has-post-thumbnail","6":"product_cat-non-classe","7":"entry","8":"has-media","10":"first","11":"instock","12":"shipping-taxable","13":"purchasable","14":"product-type-simple"},"yoast_head":"<!-- This site is optimized with the Yoast SEO plugin v27.1.1 - https:\/\/yoast.com\/product\/yoast-seo-wordpress\/ -->\n<title>La Vall\u00e9e de Tena - Randonn\u00e9es \u00e0 cheval Bonnemazou<\/title>\n<meta name=\"robots\" content=\"index, follow, max-snippet:-1, max-image-preview:large, max-video-preview:-1\" \/>\n<link rel=\"canonical\" href=\"https:\/\/randochevalbonnemazou.com\/index.php\/produit\/la-vallee-de-tena\/\" \/>\n<meta property=\"og:locale\" content=\"fr_FR\" \/>\n<meta property=\"og:type\" content=\"article\" \/>\n<meta property=\"og:title\" content=\"La Vall\u00e9e de Tena - Randonn\u00e9es \u00e0 cheval Bonnemazou\" \/>\n<meta property=\"og:description\" content=\"La vall\u00e9e de la Garcipollera (R\u00e9serve Nationale) nous m\u00e8nera au village de Biescas. La mont\u00e9e vers Santa Elena donne un avant go\u00fbt des paysages grandiose de haute montagne de Pe\u00f1a Telera.\" \/>\n<meta property=\"og:url\" content=\"https:\/\/randochevalbonnemazou.com\/index.php\/produit\/la-vallee-de-tena\/\" \/>\n<meta property=\"og:site_name\" content=\"Randonn\u00e9es \u00e0 cheval Bonnemazou\" \/>\n<meta property=\"article:modified_time\" content=\"2025-11-17T20:14:39+00:00\" \/>\n<meta property=\"og:image\" content=\"https:\/\/randochevalbonnemazou.com\/wp-content\/uploads\/2024\/06\/VALLEEE-TENA-4-scaled.jpg\" \/>\n\t<meta property=\"og:image:width\" content=\"2560\" \/>\n\t<meta property=\"og:image:height\" content=\"1440\" \/>\n\t<meta property=\"og:image:type\" content=\"image\/jpeg\" \/>\n<meta name=\"twitter:card\" content=\"summary_large_image\" \/>\n<meta name=\"twitter:label1\" content=\"Dur\u00e9e de lecture estim\u00e9e\" \/>\n\t<meta name=\"twitter:data1\" content=\"1 minute\" \/>\n<script type=\"application\/ld+json\" class=\"yoast-schema-graph\">{\"@context\":\"https:\/\/schema.org\",\"@graph\":[{\"@type\":\"WebPage\",\"@id\":\"https:\/\/randochevalbonnemazou.com\/index.php\/produit\/la-vallee-de-tena\/\",\"url\":\"https:\/\/randochevalbonnemazou.com\/index.php\/produit\/la-vallee-de-tena\/\",\"name\":\"La Vall\u00e9e de Tena - Randonn\u00e9es \u00e0 cheval Bonnemazou\",\"isPartOf\":{\"@id\":\"https:\/\/randochevalbonnemazou.com\/#website\"},\"primaryImageOfPage\":{\"@id\":\"https:\/\/randochevalbonnemazou.com\/index.php\/produit\/la-vallee-de-tena\/#primaryimage\"},\"image\":{\"@id\":\"https:\/\/randochevalbonnemazou.com\/index.php\/produit\/la-vallee-de-tena\/#primaryimage\"},\"thumbnailUrl\":\"https:\/\/randochevalbonnemazou.com\/wp-content\/uploads\/2024\/06\/VALLEEE-TENA-4-scaled.jpg\",\"datePublished\":\"2024-06-14T13:42:57+00:00\",\"dateModified\":\"2025-11-17T20:14:39+00:00\",\"breadcrumb\":{\"@id\":\"https:\/\/randochevalbonnemazou.com\/index.php\/produit\/la-vallee-de-tena\/#breadcrumb\"},\"inLanguage\":\"fr-FR\",\"potentialAction\":[{\"@type\":\"ReadAction\",\"target\":[\"https:\/\/randochevalbonnemazou.com\/index.php\/produit\/la-vallee-de-tena\/\"]}]},{\"@type\":\"ImageObject\",\"inLanguage\":\"fr-FR\",\"@id\":\"https:\/\/randochevalbonnemazou.com\/index.php\/produit\/la-vallee-de-tena\/#primaryimage\",\"url\":\"https:\/\/randochevalbonnemazou.com\/wp-content\/uploads\/2024\/06\/VALLEEE-TENA-4-scaled.jpg\",\"contentUrl\":\"https:\/\/randochevalbonnemazou.com\/wp-content\/uploads\/2024\/06\/VALLEEE-TENA-4-scaled.jpg\",\"width\":2560,\"height\":1440},{\"@type\":\"BreadcrumbList\",\"@id\":\"https:\/\/randochevalbonnemazou.com\/index.php\/produit\/la-vallee-de-tena\/#breadcrumb\",\"itemListElement\":[{\"@type\":\"ListItem\",\"position\":1,\"name\":\"Accueil\",\"item\":\"https:\/\/randochevalbonnemazou.com\/\"},{\"@type\":\"ListItem\",\"position\":2,\"name\":\"Produits\",\"item\":\"https:\/\/randochevalbonnemazou.com\/index.php\/shop\/\"},{\"@type\":\"ListItem\",\"position\":3,\"name\":\"La Vall\u00e9e de Tena\"}]},{\"@type\":\"WebSite\",\"@id\":\"https:\/\/randochevalbonnemazou.com\/#website\",\"url\":\"https:\/\/randochevalbonnemazou.com\/\",\"name\":\"Randonn\u00e9es \u00e0 cheval Bonnemazou\",\"description\":\"\",\"publisher\":{\"@id\":\"https:\/\/randochevalbonnemazou.com\/#\/schema\/person\/c5349355bf191cee665369b9c791061c\"},\"potentialAction\":[{\"@type\":\"SearchAction\",\"target\":{\"@type\":\"EntryPoint\",\"urlTemplate\":\"https:\/\/randochevalbonnemazou.com\/?s={search_term_string}\"},\"query-input\":{\"@type\":\"PropertyValueSpecification\",\"valueRequired\":true,\"valueName\":\"search_term_string\"}}],\"inLanguage\":\"fr-FR\"},{\"@type\":[\"Person\",\"Organization\"],\"@id\":\"https:\/\/randochevalbonnemazou.com\/#\/schema\/person\/c5349355bf191cee665369b9c791061c\",\"name\":\"randochevalbonnemazou.com\",\"image\":{\"@type\":\"ImageObject\",\"inLanguage\":\"fr-FR\",\"@id\":\"https:\/\/randochevalbonnemazou.com\/#\/schema\/person\/image\/\",\"url\":\"https:\/\/randochevalbonnemazou.com\/wp-content\/uploads\/2024\/03\/Logo-amarillo.png\",\"contentUrl\":\"https:\/\/randochevalbonnemazou.com\/wp-content\/uploads\/2024\/03\/Logo-amarillo.png\",\"width\":1044,\"height\":608,\"caption\":\"randochevalbonnemazou.com\"},\"logo\":{\"@id\":\"https:\/\/randochevalbonnemazou.com\/#\/schema\/person\/image\/\"},\"sameAs\":[\"https:\/\/randochevalbonnemazou.com\"]}]}<\/script>\n<!-- \/ Yoast SEO plugin. -->","yoast_head_json":{"title":"La Vall\u00e9e de Tena - Randonn\u00e9es \u00e0 cheval Bonnemazou","robots":{"index":"index","follow":"follow","max-snippet":"max-snippet:-1","max-image-preview":"max-image-preview:large","max-video-preview":"max-video-preview:-1"},"canonical":"https:\/\/randochevalbonnemazou.com\/index.php\/produit\/la-vallee-de-tena\/","og_locale":"fr_FR","og_type":"article","og_title":"La Vall\u00e9e de Tena - Randonn\u00e9es \u00e0 cheval Bonnemazou","og_description":"La vall\u00e9e de la Garcipollera (R\u00e9serve Nationale) nous m\u00e8nera au village de Biescas. La mont\u00e9e vers Santa Elena donne un avant go\u00fbt des paysages grandiose de haute montagne de Pe\u00f1a Telera.","og_url":"https:\/\/randochevalbonnemazou.com\/index.php\/produit\/la-vallee-de-tena\/","og_site_name":"Randonn\u00e9es \u00e0 cheval Bonnemazou","article_modified_time":"2025-11-17T20:14:39+00:00","og_image":[{"width":2560,"height":1440,"url":"https:\/\/randochevalbonnemazou.com\/wp-content\/uploads\/2024\/06\/VALLEEE-TENA-4-scaled.jpg","type":"image\/jpeg"}],"twitter_card":"summary_large_image","twitter_misc":{"Dur\u00e9e de lecture estim\u00e9e":"1 minute"},"schema":{"@context":"https:\/\/schema.org","@graph":[{"@type":"WebPage","@id":"https:\/\/randochevalbonnemazou.com\/index.php\/produit\/la-vallee-de-tena\/","url":"https:\/\/randochevalbonnemazou.com\/index.php\/produit\/la-vallee-de-tena\/","name":"La Vall\u00e9e de Tena - Randonn\u00e9es \u00e0 cheval Bonnemazou","isPartOf":{"@id":"https:\/\/randochevalbonnemazou.com\/#website"},"primaryImageOfPage":{"@id":"https:\/\/randochevalbonnemazou.com\/index.php\/produit\/la-vallee-de-tena\/#primaryimage"},"image":{"@id":"https:\/\/randochevalbonnemazou.com\/index.php\/produit\/la-vallee-de-tena\/#primaryimage"},"thumbnailUrl":"https:\/\/randochevalbonnemazou.com\/wp-content\/uploads\/2024\/06\/VALLEEE-TENA-4-scaled.jpg","datePublished":"2024-06-14T13:42:57+00:00","dateModified":"2025-11-17T20:14:39+00:00","breadcrumb":{"@id":"https:\/\/randochevalbonnemazou.com\/index.php\/produit\/la-vallee-de-tena\/#breadcrumb"},"inLanguage":"fr-FR","potentialAction":[{"@type":"ReadAction","target":["https:\/\/randochevalbonnemazou.com\/index.php\/produit\/la-vallee-de-tena\/"]}]},{"@type":"ImageObject","inLanguage":"fr-FR","@id":"https:\/\/randochevalbonnemazou.com\/index.php\/produit\/la-vallee-de-tena\/#primaryimage","url":"https:\/\/randochevalbonnemazou.com\/wp-content\/uploads\/2024\/06\/VALLEEE-TENA-4-scaled.jpg","contentUrl":"https:\/\/randochevalbonnemazou.com\/wp-content\/uploads\/2024\/06\/VALLEEE-TENA-4-scaled.jpg","width":2560,"height":1440},{"@type":"BreadcrumbList","@id":"https:\/\/randochevalbonnemazou.com\/index.php\/produit\/la-vallee-de-tena\/#breadcrumb","itemListElement":[{"@type":"ListItem","position":1,"name":"Accueil","item":"https:\/\/randochevalbonnemazou.com\/"},{"@type":"ListItem","position":2,"name":"Produits","item":"https:\/\/randochevalbonnemazou.com\/index.php\/shop\/"},{"@type":"ListItem","position":3,"name":"La Vall\u00e9e de Tena"}]},{"@type":"WebSite","@id":"https:\/\/randochevalbonnemazou.com\/#website","url":"https:\/\/randochevalbonnemazou.com\/","name":"Randonn\u00e9es \u00e0 cheval Bonnemazou","description":"","publisher":{"@id":"https:\/\/randochevalbonnemazou.com\/#\/schema\/person\/c5349355bf191cee665369b9c791061c"},"potentialAction":[{"@type":"SearchAction","target":{"@type":"EntryPoint","urlTemplate":"https:\/\/randochevalbonnemazou.com\/?s={search_term_string}"},"query-input":{"@type":"PropertyValueSpecification","valueRequired":true,"valueName":"search_term_string"}}],"inLanguage":"fr-FR"},{"@type":["Person","Organization"],"@id":"https:\/\/randochevalbonnemazou.com\/#\/schema\/person\/c5349355bf191cee665369b9c791061c","name":"randochevalbonnemazou.com","image":{"@type":"ImageObject","inLanguage":"fr-FR","@id":"https:\/\/randochevalbonnemazou.com\/#\/schema\/person\/image\/","url":"https:\/\/randochevalbonnemazou.com\/wp-content\/uploads\/2024\/03\/Logo-amarillo.png","contentUrl":"https:\/\/randochevalbonnemazou.com\/wp-content\/uploads\/2024\/03\/Logo-amarillo.png","width":1044,"height":608,"caption":"randochevalbonnemazou.com"},"logo":{"@id":"https:\/\/randochevalbonnemazou.com\/#\/schema\/person\/image\/"},"sameAs":["https:\/\/randochevalbonnemazou.com"]}]}},"_links":{"self":[{"href":"https:\/\/randochevalbonnemazou.com\/index.php\/wp-json\/wp\/v2\/product\/587","targetHints":{"allow":["GET"]}}],"collection":[{"href":"https:\/\/randochevalbonnemazou.com\/index.php\/wp-json\/wp\/v2\/product"}],"about":[{"href":"https:\/\/randochevalbonnemazou.com\/index.php\/wp-json\/wp\/v2\/types\/product"}],"version-history":[{"count":66,"href":"https:\/\/randochevalbonnemazou.com\/index.php\/wp-json\/wp\/v2\/product\/587\/revisions"}],"predecessor-version":[{"id":1150,"href":"https:\/\/randochevalbonnemazou.com\/index.php\/wp-json\/wp\/v2\/product\/587\/revisions\/1150"}],"wp:featuredmedia":[{"embeddable":true,"href":"https:\/\/randochevalbonnemazou.com\/index.php\/wp-json\/wp\/v2\/media\/871"}],"wp:attachment":[{"href":"https:\/\/randochevalbonnemazou.com\/index.php\/wp-json\/wp\/v2\/media?parent=587"}],"wp:term":[{"taxonomy":"product_brand","embeddable":true,"href":"https:\/\/randochevalbonnemazou.com\/index.php\/wp-json\/wp\/v2\/product_brand?post=587"},{"taxonomy":"product_cat","embeddable":true,"href":"https:\/\/randochevalbonnemazou.com\/index.php\/wp-json\/wp\/v2\/product_cat?post=587"},{"taxonomy":"product_tag","embeddable":true,"href":"https:\/\/randochevalbonnemazou.com\/index.php\/wp-json\/wp\/v2\/product_tag?post=587"}],"curies":[{"name":"wp","href":"https:\/\/api.w.org\/{rel}","templated":true}]}}