{"id":581,"date":"2024-06-14T15:39:42","date_gmt":"2024-06-14T13:39:42","guid":{"rendered":"https:\/\/randochevalbonnemazou.com\/?post_type=product&#038;p=581"},"modified":"2025-11-14T21:07:14","modified_gmt":"2025-11-14T20:07:14","slug":"le-haut-aragon","status":"publish","type":"product","link":"https:\/\/randochevalbonnemazou.com\/index.php\/produit\/le-haut-aragon\/","title":{"rendered":"Le Haut Arag\u00f3n"},"content":{"rendered":"\t\t<div data-elementor-type=\"wp-post\" data-elementor-id=\"581\" class=\"elementor elementor-581\">\n\t\t\t\t<div class=\"elementor-element elementor-element-46326031 e-flex e-con-boxed wpr-particle-no wpr-jarallax-no wpr-parallax-no wpr-sticky-section-no e-con e-parent\" data-id=\"46326031\" data-element_type=\"container\" data-e-type=\"container\">\n\t\t\t\t\t<div class=\"e-con-inner\">\n\t\t\t\t<div class=\"elementor-element elementor-element-65447949 elementor-widget elementor-widget-text-editor\" data-id=\"65447949\" data-element_type=\"widget\" data-e-type=\"widget\" data-widget_type=\"text-editor.default\">\n\t\t\t\t<div class=\"elementor-widget-container\">\n\t\t\t\t\t\t\t\t\t<p>Cette escapade nous m\u00e8ne au nord de l\u2019Aragon avec les Pyr\u00e9n\u00e9es en toile de fond et les Mallos de Riglos la l\u00e9gende de Foz de Escalete et sa sorci\u00e8re. Nous galoperons de villages en chemins, retrouvant chaque soir des sites tr\u00e8s typiques.<\/p><p>\u00a0<\/p><p><span style=\"text-decoration: underline;\">Dur\u00e9e :<\/span> 4\u00a0 ou 7 jours<\/p><p><span style=\"text-decoration: underline;\">P\u00e9riode :<\/span> De Mars \u00e0 Novembre<\/p><p><span style=\"text-decoration: underline;\">Itin\u00e9raire :<\/span><\/p><ul><li>1er Jour : Villanua \u2013 Las Tiesas Altas<\/li><li>2e Jour : Las Tiesas Altas \u2013 Arr\u00e9s<\/li><li>3e Jour : Arr\u00e9s \u2013 La Pe\u00f1a<\/li><li>4e Jour : La Pe\u00f1a \u2013 Loarre<\/li><li>5e Jour : Loarre \u2013 Murillo de G\u00e1llego<\/li><li>6e Jour : Murillo de G\u00e1llego \u2013 Villalangua<\/li><li>7e Jour : Villalangua \u2013 Bailo<\/li><\/ul>\t\t\t\t\t\t\t\t<\/div>\n\t\t\t\t<\/div>\n\t\t\t\t\t<\/div>\n\t\t\t\t<\/div>\n\t\t<div class=\"elementor-element elementor-element-4882359 e-flex e-con-boxed wpr-particle-no wpr-jarallax-no wpr-parallax-no wpr-sticky-section-no e-con e-parent\" data-id=\"4882359\" data-element_type=\"container\" data-e-type=\"container\">\n\t\t\t\t\t<div class=\"e-con-inner\">\n\t\t\t\t<div class=\"elementor-element elementor-element-5b74e9b elementor-widget elementor-widget-heading\" data-id=\"5b74e9b\" data-element_type=\"widget\" data-e-type=\"widget\" data-widget_type=\"heading.default\">\n\t\t\t\t<div class=\"elementor-widget-container\">\n\t\t\t\t\t<h2 class=\"elementor-heading-title elementor-size-default\"><span style=\"font-family: Syne, sans-serif;font-size: 12px;font-style: normal;font-weight: 600;text-align: center\">Les itin\u00e9raires sont donn\u00e9s \u00e0 titre indicatif et pourront \u00eatre modifi\u00e9s par l'organisateur en fonction de la saison ou des conditions climatiques.<\/span><\/h2>\t\t\t\t<\/div>\n\t\t\t\t<\/div>\n\t\t\t\t\t<\/div>\n\t\t\t\t<\/div>\n\t\t\t\t<\/div>\n\t\t","protected":false},"excerpt":{"rendered":"<p>Cette escapade nous m\u00e8ne au nord de l\u2019Aragon avec les Pyr\u00e9n\u00e9es en toile de fond et les Mallos de Riglos la l\u00e9gende de Foz de Escalete et sa sorci\u00e8re. Nous galoperons de villages en chemins, retrouvant chaque soir des sites tr\u00e8s typiques.<\/p>\n","protected":false},"featured_media":832,"template":"","meta":[],"product_brand":[],"product_cat":[18],"product_tag":[],"class_list":{"0":"post-581","1":"product","2":"type-product","3":"status-publish","4":"has-post-thumbnail","6":"product_cat-non-classe","7":"entry","8":"has-media","10":"first","11":"instock","12":"shipping-taxable","13":"purchasable","14":"product-type-simple"},"yoast_head":"<!-- This site is optimized with the Yoast SEO plugin v27.1.1 - https:\/\/yoast.com\/product\/yoast-seo-wordpress\/ -->\n<title>Le Haut Arag\u00f3n - Randonn\u00e9es \u00e0 cheval Bonnemazou<\/title>\n<meta name=\"robots\" content=\"index, follow, max-snippet:-1, max-image-preview:large, max-video-preview:-1\" \/>\n<link rel=\"canonical\" href=\"https:\/\/randochevalbonnemazou.com\/index.php\/produit\/le-haut-aragon\/\" \/>\n<meta property=\"og:locale\" content=\"fr_FR\" \/>\n<meta property=\"og:type\" content=\"article\" \/>\n<meta property=\"og:title\" content=\"Le Haut Arag\u00f3n - Randonn\u00e9es \u00e0 cheval Bonnemazou\" \/>\n<meta property=\"og:description\" content=\"Cette escapade nous m\u00e8ne au nord de l\u2019Aragon avec les Pyr\u00e9n\u00e9es en toile de fond et les Mallos de Riglos la l\u00e9gende de Foz de Escalete et sa sorci\u00e8re. Nous galoperons de villages en chemins, retrouvant chaque soir des sites tr\u00e8s typiques.\" \/>\n<meta property=\"og:url\" content=\"https:\/\/randochevalbonnemazou.com\/index.php\/produit\/le-haut-aragon\/\" \/>\n<meta property=\"og:site_name\" content=\"Randonn\u00e9es \u00e0 cheval Bonnemazou\" \/>\n<meta property=\"article:modified_time\" content=\"2025-11-14T20:07:14+00:00\" \/>\n<meta property=\"og:image\" content=\"https:\/\/randochevalbonnemazou.com\/wp-content\/uploads\/2024\/06\/HA-4-scaled.jpg\" \/>\n\t<meta property=\"og:image:width\" content=\"2560\" \/>\n\t<meta property=\"og:image:height\" content=\"1440\" \/>\n\t<meta property=\"og:image:type\" content=\"image\/jpeg\" \/>\n<meta name=\"twitter:card\" content=\"summary_large_image\" \/>\n<meta name=\"twitter:label1\" content=\"Dur\u00e9e de lecture estim\u00e9e\" \/>\n\t<meta name=\"twitter:data1\" content=\"1 minute\" \/>\n<script type=\"application\/ld+json\" class=\"yoast-schema-graph\">{\"@context\":\"https:\/\/schema.org\",\"@graph\":[{\"@type\":\"WebPage\",\"@id\":\"https:\/\/randochevalbonnemazou.com\/index.php\/produit\/le-haut-aragon\/\",\"url\":\"https:\/\/randochevalbonnemazou.com\/index.php\/produit\/le-haut-aragon\/\",\"name\":\"Le Haut Arag\u00f3n - Randonn\u00e9es \u00e0 cheval Bonnemazou\",\"isPartOf\":{\"@id\":\"https:\/\/randochevalbonnemazou.com\/#website\"},\"primaryImageOfPage\":{\"@id\":\"https:\/\/randochevalbonnemazou.com\/index.php\/produit\/le-haut-aragon\/#primaryimage\"},\"image\":{\"@id\":\"https:\/\/randochevalbonnemazou.com\/index.php\/produit\/le-haut-aragon\/#primaryimage\"},\"thumbnailUrl\":\"https:\/\/randochevalbonnemazou.com\/wp-content\/uploads\/2024\/06\/HA-4-scaled.jpg\",\"datePublished\":\"2024-06-14T13:39:42+00:00\",\"dateModified\":\"2025-11-14T20:07:14+00:00\",\"breadcrumb\":{\"@id\":\"https:\/\/randochevalbonnemazou.com\/index.php\/produit\/le-haut-aragon\/#breadcrumb\"},\"inLanguage\":\"fr-FR\",\"potentialAction\":[{\"@type\":\"ReadAction\",\"target\":[\"https:\/\/randochevalbonnemazou.com\/index.php\/produit\/le-haut-aragon\/\"]}]},{\"@type\":\"ImageObject\",\"inLanguage\":\"fr-FR\",\"@id\":\"https:\/\/randochevalbonnemazou.com\/index.php\/produit\/le-haut-aragon\/#primaryimage\",\"url\":\"https:\/\/randochevalbonnemazou.com\/wp-content\/uploads\/2024\/06\/HA-4-scaled.jpg\",\"contentUrl\":\"https:\/\/randochevalbonnemazou.com\/wp-content\/uploads\/2024\/06\/HA-4-scaled.jpg\",\"width\":2560,\"height\":1440,\"caption\":\"HAUT ARAGON\"},{\"@type\":\"BreadcrumbList\",\"@id\":\"https:\/\/randochevalbonnemazou.com\/index.php\/produit\/le-haut-aragon\/#breadcrumb\",\"itemListElement\":[{\"@type\":\"ListItem\",\"position\":1,\"name\":\"Accueil\",\"item\":\"https:\/\/randochevalbonnemazou.com\/\"},{\"@type\":\"ListItem\",\"position\":2,\"name\":\"Produits\",\"item\":\"https:\/\/randochevalbonnemazou.com\/index.php\/shop\/\"},{\"@type\":\"ListItem\",\"position\":3,\"name\":\"Le Haut Arag\u00f3n\"}]},{\"@type\":\"WebSite\",\"@id\":\"https:\/\/randochevalbonnemazou.com\/#website\",\"url\":\"https:\/\/randochevalbonnemazou.com\/\",\"name\":\"Randonn\u00e9es \u00e0 cheval Bonnemazou\",\"description\":\"\",\"publisher\":{\"@id\":\"https:\/\/randochevalbonnemazou.com\/#\/schema\/person\/c5349355bf191cee665369b9c791061c\"},\"potentialAction\":[{\"@type\":\"SearchAction\",\"target\":{\"@type\":\"EntryPoint\",\"urlTemplate\":\"https:\/\/randochevalbonnemazou.com\/?s={search_term_string}\"},\"query-input\":{\"@type\":\"PropertyValueSpecification\",\"valueRequired\":true,\"valueName\":\"search_term_string\"}}],\"inLanguage\":\"fr-FR\"},{\"@type\":[\"Person\",\"Organization\"],\"@id\":\"https:\/\/randochevalbonnemazou.com\/#\/schema\/person\/c5349355bf191cee665369b9c791061c\",\"name\":\"randochevalbonnemazou.com\",\"image\":{\"@type\":\"ImageObject\",\"inLanguage\":\"fr-FR\",\"@id\":\"https:\/\/randochevalbonnemazou.com\/#\/schema\/person\/image\/\",\"url\":\"https:\/\/randochevalbonnemazou.com\/wp-content\/uploads\/2024\/03\/Logo-amarillo.png\",\"contentUrl\":\"https:\/\/randochevalbonnemazou.com\/wp-content\/uploads\/2024\/03\/Logo-amarillo.png\",\"width\":1044,\"height\":608,\"caption\":\"randochevalbonnemazou.com\"},\"logo\":{\"@id\":\"https:\/\/randochevalbonnemazou.com\/#\/schema\/person\/image\/\"},\"sameAs\":[\"https:\/\/randochevalbonnemazou.com\"]}]}<\/script>\n<!-- \/ Yoast SEO plugin. -->","yoast_head_json":{"title":"Le Haut Arag\u00f3n - Randonn\u00e9es \u00e0 cheval Bonnemazou","robots":{"index":"index","follow":"follow","max-snippet":"max-snippet:-1","max-image-preview":"max-image-preview:large","max-video-preview":"max-video-preview:-1"},"canonical":"https:\/\/randochevalbonnemazou.com\/index.php\/produit\/le-haut-aragon\/","og_locale":"fr_FR","og_type":"article","og_title":"Le Haut Arag\u00f3n - Randonn\u00e9es \u00e0 cheval Bonnemazou","og_description":"Cette escapade nous m\u00e8ne au nord de l\u2019Aragon avec les Pyr\u00e9n\u00e9es en toile de fond et les Mallos de Riglos la l\u00e9gende de Foz de Escalete et sa sorci\u00e8re. Nous galoperons de villages en chemins, retrouvant chaque soir des sites tr\u00e8s typiques.","og_url":"https:\/\/randochevalbonnemazou.com\/index.php\/produit\/le-haut-aragon\/","og_site_name":"Randonn\u00e9es \u00e0 cheval Bonnemazou","article_modified_time":"2025-11-14T20:07:14+00:00","og_image":[{"width":2560,"height":1440,"url":"https:\/\/randochevalbonnemazou.com\/wp-content\/uploads\/2024\/06\/HA-4-scaled.jpg","type":"image\/jpeg"}],"twitter_card":"summary_large_image","twitter_misc":{"Dur\u00e9e de lecture estim\u00e9e":"1 minute"},"schema":{"@context":"https:\/\/schema.org","@graph":[{"@type":"WebPage","@id":"https:\/\/randochevalbonnemazou.com\/index.php\/produit\/le-haut-aragon\/","url":"https:\/\/randochevalbonnemazou.com\/index.php\/produit\/le-haut-aragon\/","name":"Le Haut Arag\u00f3n - Randonn\u00e9es \u00e0 cheval Bonnemazou","isPartOf":{"@id":"https:\/\/randochevalbonnemazou.com\/#website"},"primaryImageOfPage":{"@id":"https:\/\/randochevalbonnemazou.com\/index.php\/produit\/le-haut-aragon\/#primaryimage"},"image":{"@id":"https:\/\/randochevalbonnemazou.com\/index.php\/produit\/le-haut-aragon\/#primaryimage"},"thumbnailUrl":"https:\/\/randochevalbonnemazou.com\/wp-content\/uploads\/2024\/06\/HA-4-scaled.jpg","datePublished":"2024-06-14T13:39:42+00:00","dateModified":"2025-11-14T20:07:14+00:00","breadcrumb":{"@id":"https:\/\/randochevalbonnemazou.com\/index.php\/produit\/le-haut-aragon\/#breadcrumb"},"inLanguage":"fr-FR","potentialAction":[{"@type":"ReadAction","target":["https:\/\/randochevalbonnemazou.com\/index.php\/produit\/le-haut-aragon\/"]}]},{"@type":"ImageObject","inLanguage":"fr-FR","@id":"https:\/\/randochevalbonnemazou.com\/index.php\/produit\/le-haut-aragon\/#primaryimage","url":"https:\/\/randochevalbonnemazou.com\/wp-content\/uploads\/2024\/06\/HA-4-scaled.jpg","contentUrl":"https:\/\/randochevalbonnemazou.com\/wp-content\/uploads\/2024\/06\/HA-4-scaled.jpg","width":2560,"height":1440,"caption":"HAUT ARAGON"},{"@type":"BreadcrumbList","@id":"https:\/\/randochevalbonnemazou.com\/index.php\/produit\/le-haut-aragon\/#breadcrumb","itemListElement":[{"@type":"ListItem","position":1,"name":"Accueil","item":"https:\/\/randochevalbonnemazou.com\/"},{"@type":"ListItem","position":2,"name":"Produits","item":"https:\/\/randochevalbonnemazou.com\/index.php\/shop\/"},{"@type":"ListItem","position":3,"name":"Le Haut Arag\u00f3n"}]},{"@type":"WebSite","@id":"https:\/\/randochevalbonnemazou.com\/#website","url":"https:\/\/randochevalbonnemazou.com\/","name":"Randonn\u00e9es \u00e0 cheval Bonnemazou","description":"","publisher":{"@id":"https:\/\/randochevalbonnemazou.com\/#\/schema\/person\/c5349355bf191cee665369b9c791061c"},"potentialAction":[{"@type":"SearchAction","target":{"@type":"EntryPoint","urlTemplate":"https:\/\/randochevalbonnemazou.com\/?s={search_term_string}"},"query-input":{"@type":"PropertyValueSpecification","valueRequired":true,"valueName":"search_term_string"}}],"inLanguage":"fr-FR"},{"@type":["Person","Organization"],"@id":"https:\/\/randochevalbonnemazou.com\/#\/schema\/person\/c5349355bf191cee665369b9c791061c","name":"randochevalbonnemazou.com","image":{"@type":"ImageObject","inLanguage":"fr-FR","@id":"https:\/\/randochevalbonnemazou.com\/#\/schema\/person\/image\/","url":"https:\/\/randochevalbonnemazou.com\/wp-content\/uploads\/2024\/03\/Logo-amarillo.png","contentUrl":"https:\/\/randochevalbonnemazou.com\/wp-content\/uploads\/2024\/03\/Logo-amarillo.png","width":1044,"height":608,"caption":"randochevalbonnemazou.com"},"logo":{"@id":"https:\/\/randochevalbonnemazou.com\/#\/schema\/person\/image\/"},"sameAs":["https:\/\/randochevalbonnemazou.com"]}]}},"_links":{"self":[{"href":"https:\/\/randochevalbonnemazou.com\/index.php\/wp-json\/wp\/v2\/product\/581","targetHints":{"allow":["GET"]}}],"collection":[{"href":"https:\/\/randochevalbonnemazou.com\/index.php\/wp-json\/wp\/v2\/product"}],"about":[{"href":"https:\/\/randochevalbonnemazou.com\/index.php\/wp-json\/wp\/v2\/types\/product"}],"version-history":[{"count":9,"href":"https:\/\/randochevalbonnemazou.com\/index.php\/wp-json\/wp\/v2\/product\/581\/revisions"}],"predecessor-version":[{"id":1009,"href":"https:\/\/randochevalbonnemazou.com\/index.php\/wp-json\/wp\/v2\/product\/581\/revisions\/1009"}],"wp:featuredmedia":[{"embeddable":true,"href":"https:\/\/randochevalbonnemazou.com\/index.php\/wp-json\/wp\/v2\/media\/832"}],"wp:attachment":[{"href":"https:\/\/randochevalbonnemazou.com\/index.php\/wp-json\/wp\/v2\/media?parent=581"}],"wp:term":[{"taxonomy":"product_brand","embeddable":true,"href":"https:\/\/randochevalbonnemazou.com\/index.php\/wp-json\/wp\/v2\/product_brand?post=581"},{"taxonomy":"product_cat","embeddable":true,"href":"https:\/\/randochevalbonnemazou.com\/index.php\/wp-json\/wp\/v2\/product_cat?post=581"},{"taxonomy":"product_tag","embeddable":true,"href":"https:\/\/randochevalbonnemazou.com\/index.php\/wp-json\/wp\/v2\/product_tag?post=581"}],"curies":[{"name":"wp","href":"https:\/\/api.w.org\/{rel}","templated":true}]}}