{"id":579,"date":"2024-06-14T15:38:02","date_gmt":"2024-06-14T13:38:02","guid":{"rendered":"https:\/\/randochevalbonnemazou.com\/?post_type=product&#038;p=579"},"modified":"2025-11-14T21:09:21","modified_gmt":"2025-11-14T20:09:21","slug":"parc-national-dordesa","status":"publish","type":"product","link":"https:\/\/randochevalbonnemazou.com\/index.php\/produit\/parc-national-dordesa\/","title":{"rendered":"Parc National d&rsquo;Ordesa"},"content":{"rendered":"\t\t<div data-elementor-type=\"wp-post\" data-elementor-id=\"579\" class=\"elementor elementor-579\">\n\t\t\t\t<div class=\"elementor-element elementor-element-27d905f1 e-flex e-con-boxed wpr-particle-no wpr-jarallax-no wpr-parallax-no wpr-sticky-section-no e-con e-parent\" data-id=\"27d905f1\" data-element_type=\"container\" data-e-type=\"container\">\n\t\t\t\t\t<div class=\"e-con-inner\">\n\t\t\t\t<div class=\"elementor-element elementor-element-7579ec94 elementor-widget elementor-widget-text-editor\" data-id=\"7579ec94\" data-element_type=\"widget\" data-e-type=\"widget\" data-widget_type=\"text-editor.default\">\n\t\t\t\t<div class=\"elementor-widget-container\">\n\t\t\t\t\t\t\t\t\t<p>Entrez dans le Parc National d\u2019Ordesa et d\u00e9couvrez une faune, une flore et des paysages \u00e0 couper le souffle. Votre voyage sera ponctu\u00e9 de rencontres insolites de Torla \u00e0 Nerin en passant par Broto.<\/p><p>\u00a0<\/p><p><span style=\"text-decoration: underline;\">Dur\u00e9e :<\/span> 4\u00a0 ou 7 jours<\/p><p><span style=\"text-decoration: underline;\">P\u00e9riode :<\/span> Juillet et Ao\u00fbt<\/p><p><span style=\"text-decoration: underline;\">Itin\u00e9raire :<\/span><\/p><ul><li>1er Jour : Larr\u00e9s &#8211; Y\u00e9sero<\/li><li>2e Jour : Y\u00e9sero \u2013 Linas de Broto<\/li><li>3e Jour : Linas de Broto &#8211; Torla<\/li><li>4e Jour : Torla &#8211; Buesa<\/li><li>5e Jour : Buesa &#8211; Nerin<\/li><li>6e Jour : Nerin \u2013 Nerin (Tour au Ca\u00f1\u00f3n d\u2019Anisclo)<\/li><li>7e Jour : Nerin \u2013 Sarvise<\/li><\/ul>\t\t\t\t\t\t\t\t<\/div>\n\t\t\t\t<\/div>\n\t\t\t\t\t<\/div>\n\t\t\t\t<\/div>\n\t\t<div class=\"elementor-element elementor-element-fb3fb24 e-flex e-con-boxed wpr-particle-no wpr-jarallax-no wpr-parallax-no wpr-sticky-section-no e-con e-parent\" data-id=\"fb3fb24\" data-element_type=\"container\" data-e-type=\"container\">\n\t\t\t\t\t<div class=\"e-con-inner\">\n\t\t\t\t<div class=\"elementor-element elementor-element-bfb8ad6 elementor-widget elementor-widget-heading\" data-id=\"bfb8ad6\" data-element_type=\"widget\" data-e-type=\"widget\" data-widget_type=\"heading.default\">\n\t\t\t\t<div class=\"elementor-widget-container\">\n\t\t\t\t\t<h2 class=\"elementor-heading-title elementor-size-default\"><span style=\"font-family: Syne, sans-serif;font-size: 12px;font-style: normal;font-weight: 600;text-align: center\">Les itin\u00e9raires sont donn\u00e9s \u00e0 titre indicatif et pourront \u00eatre modifi\u00e9s par l'organisateur en fonction de la saison ou des conditions climatiques.<\/span><\/h2>\t\t\t\t<\/div>\n\t\t\t\t<\/div>\n\t\t\t\t\t<\/div>\n\t\t\t\t<\/div>\n\t\t\t\t<\/div>\n\t\t","protected":false},"excerpt":{"rendered":"<p>Entrez dans le Parc National d\u2019Ordesa et d\u00e9couvrez une faune, une flore et des paysages \u00e0 couper le souffle. Votre voyage sera ponctu\u00e9 de rencontres insolites de Torla \u00e0 Nerin en passant par Broto.<\/p>\n","protected":false},"featured_media":210,"template":"","meta":[],"product_brand":[],"product_cat":[18],"product_tag":[],"class_list":{"0":"post-579","1":"product","2":"type-product","3":"status-publish","4":"has-post-thumbnail","6":"product_cat-non-classe","7":"entry","8":"has-media","10":"first","11":"instock","12":"shipping-taxable","13":"purchasable","14":"product-type-simple"},"yoast_head":"<!-- This site is optimized with the Yoast SEO plugin v27.1.1 - https:\/\/yoast.com\/product\/yoast-seo-wordpress\/ -->\n<title>Parc National d&#039;Ordesa - Randonn\u00e9es \u00e0 cheval Bonnemazou<\/title>\n<meta name=\"robots\" content=\"index, follow, max-snippet:-1, max-image-preview:large, max-video-preview:-1\" \/>\n<link rel=\"canonical\" href=\"https:\/\/randochevalbonnemazou.com\/index.php\/produit\/parc-national-dordesa\/\" \/>\n<meta property=\"og:locale\" content=\"fr_FR\" \/>\n<meta property=\"og:type\" content=\"article\" \/>\n<meta property=\"og:title\" content=\"Parc National d&#039;Ordesa - Randonn\u00e9es \u00e0 cheval Bonnemazou\" \/>\n<meta property=\"og:description\" content=\"Entrez dans le Parc National d\u2019Ordesa et d\u00e9couvrez une faune, une flore et des paysages \u00e0 couper le souffle. Votre voyage sera ponctu\u00e9 de rencontres insolites de Torla \u00e0 Nerin en passant par Broto.\" \/>\n<meta property=\"og:url\" content=\"https:\/\/randochevalbonnemazou.com\/index.php\/produit\/parc-national-dordesa\/\" \/>\n<meta property=\"og:site_name\" content=\"Randonn\u00e9es \u00e0 cheval Bonnemazou\" \/>\n<meta property=\"article:modified_time\" content=\"2025-11-14T20:09:21+00:00\" \/>\n<meta property=\"og:image\" content=\"https:\/\/randochevalbonnemazou.com\/wp-content\/uploads\/2024\/03\/ordesa-1.jpg\" \/>\n\t<meta property=\"og:image:width\" content=\"794\" \/>\n\t<meta property=\"og:image:height\" content=\"446\" \/>\n\t<meta property=\"og:image:type\" content=\"image\/jpeg\" \/>\n<meta name=\"twitter:card\" content=\"summary_large_image\" \/>\n<meta name=\"twitter:label1\" content=\"Dur\u00e9e de lecture estim\u00e9e\" \/>\n\t<meta name=\"twitter:data1\" content=\"1 minute\" \/>\n<script type=\"application\/ld+json\" class=\"yoast-schema-graph\">{\"@context\":\"https:\/\/schema.org\",\"@graph\":[{\"@type\":\"WebPage\",\"@id\":\"https:\/\/randochevalbonnemazou.com\/index.php\/produit\/parc-national-dordesa\/\",\"url\":\"https:\/\/randochevalbonnemazou.com\/index.php\/produit\/parc-national-dordesa\/\",\"name\":\"Parc National d'Ordesa - Randonn\u00e9es \u00e0 cheval Bonnemazou\",\"isPartOf\":{\"@id\":\"https:\/\/randochevalbonnemazou.com\/#website\"},\"primaryImageOfPage\":{\"@id\":\"https:\/\/randochevalbonnemazou.com\/index.php\/produit\/parc-national-dordesa\/#primaryimage\"},\"image\":{\"@id\":\"https:\/\/randochevalbonnemazou.com\/index.php\/produit\/parc-national-dordesa\/#primaryimage\"},\"thumbnailUrl\":\"https:\/\/randochevalbonnemazou.com\/wp-content\/uploads\/2024\/03\/ordesa-1.jpg\",\"datePublished\":\"2024-06-14T13:38:02+00:00\",\"dateModified\":\"2025-11-14T20:09:21+00:00\",\"breadcrumb\":{\"@id\":\"https:\/\/randochevalbonnemazou.com\/index.php\/produit\/parc-national-dordesa\/#breadcrumb\"},\"inLanguage\":\"fr-FR\",\"potentialAction\":[{\"@type\":\"ReadAction\",\"target\":[\"https:\/\/randochevalbonnemazou.com\/index.php\/produit\/parc-national-dordesa\/\"]}]},{\"@type\":\"ImageObject\",\"inLanguage\":\"fr-FR\",\"@id\":\"https:\/\/randochevalbonnemazou.com\/index.php\/produit\/parc-national-dordesa\/#primaryimage\",\"url\":\"https:\/\/randochevalbonnemazou.com\/wp-content\/uploads\/2024\/03\/ordesa-1.jpg\",\"contentUrl\":\"https:\/\/randochevalbonnemazou.com\/wp-content\/uploads\/2024\/03\/ordesa-1.jpg\",\"width\":794,\"height\":446},{\"@type\":\"BreadcrumbList\",\"@id\":\"https:\/\/randochevalbonnemazou.com\/index.php\/produit\/parc-national-dordesa\/#breadcrumb\",\"itemListElement\":[{\"@type\":\"ListItem\",\"position\":1,\"name\":\"Accueil\",\"item\":\"https:\/\/randochevalbonnemazou.com\/\"},{\"@type\":\"ListItem\",\"position\":2,\"name\":\"Produits\",\"item\":\"https:\/\/randochevalbonnemazou.com\/index.php\/shop\/\"},{\"@type\":\"ListItem\",\"position\":3,\"name\":\"Parc National d&rsquo;Ordesa\"}]},{\"@type\":\"WebSite\",\"@id\":\"https:\/\/randochevalbonnemazou.com\/#website\",\"url\":\"https:\/\/randochevalbonnemazou.com\/\",\"name\":\"Randonn\u00e9es \u00e0 cheval Bonnemazou\",\"description\":\"\",\"publisher\":{\"@id\":\"https:\/\/randochevalbonnemazou.com\/#\/schema\/person\/c5349355bf191cee665369b9c791061c\"},\"potentialAction\":[{\"@type\":\"SearchAction\",\"target\":{\"@type\":\"EntryPoint\",\"urlTemplate\":\"https:\/\/randochevalbonnemazou.com\/?s={search_term_string}\"},\"query-input\":{\"@type\":\"PropertyValueSpecification\",\"valueRequired\":true,\"valueName\":\"search_term_string\"}}],\"inLanguage\":\"fr-FR\"},{\"@type\":[\"Person\",\"Organization\"],\"@id\":\"https:\/\/randochevalbonnemazou.com\/#\/schema\/person\/c5349355bf191cee665369b9c791061c\",\"name\":\"randochevalbonnemazou.com\",\"image\":{\"@type\":\"ImageObject\",\"inLanguage\":\"fr-FR\",\"@id\":\"https:\/\/randochevalbonnemazou.com\/#\/schema\/person\/image\/\",\"url\":\"https:\/\/randochevalbonnemazou.com\/wp-content\/uploads\/2024\/03\/Logo-amarillo.png\",\"contentUrl\":\"https:\/\/randochevalbonnemazou.com\/wp-content\/uploads\/2024\/03\/Logo-amarillo.png\",\"width\":1044,\"height\":608,\"caption\":\"randochevalbonnemazou.com\"},\"logo\":{\"@id\":\"https:\/\/randochevalbonnemazou.com\/#\/schema\/person\/image\/\"},\"sameAs\":[\"https:\/\/randochevalbonnemazou.com\"]}]}<\/script>\n<!-- \/ Yoast SEO plugin. -->","yoast_head_json":{"title":"Parc National d'Ordesa - Randonn\u00e9es \u00e0 cheval Bonnemazou","robots":{"index":"index","follow":"follow","max-snippet":"max-snippet:-1","max-image-preview":"max-image-preview:large","max-video-preview":"max-video-preview:-1"},"canonical":"https:\/\/randochevalbonnemazou.com\/index.php\/produit\/parc-national-dordesa\/","og_locale":"fr_FR","og_type":"article","og_title":"Parc National d'Ordesa - Randonn\u00e9es \u00e0 cheval Bonnemazou","og_description":"Entrez dans le Parc National d\u2019Ordesa et d\u00e9couvrez une faune, une flore et des paysages \u00e0 couper le souffle. Votre voyage sera ponctu\u00e9 de rencontres insolites de Torla \u00e0 Nerin en passant par Broto.","og_url":"https:\/\/randochevalbonnemazou.com\/index.php\/produit\/parc-national-dordesa\/","og_site_name":"Randonn\u00e9es \u00e0 cheval Bonnemazou","article_modified_time":"2025-11-14T20:09:21+00:00","og_image":[{"width":794,"height":446,"url":"https:\/\/randochevalbonnemazou.com\/wp-content\/uploads\/2024\/03\/ordesa-1.jpg","type":"image\/jpeg"}],"twitter_card":"summary_large_image","twitter_misc":{"Dur\u00e9e de lecture estim\u00e9e":"1 minute"},"schema":{"@context":"https:\/\/schema.org","@graph":[{"@type":"WebPage","@id":"https:\/\/randochevalbonnemazou.com\/index.php\/produit\/parc-national-dordesa\/","url":"https:\/\/randochevalbonnemazou.com\/index.php\/produit\/parc-national-dordesa\/","name":"Parc National d'Ordesa - Randonn\u00e9es \u00e0 cheval Bonnemazou","isPartOf":{"@id":"https:\/\/randochevalbonnemazou.com\/#website"},"primaryImageOfPage":{"@id":"https:\/\/randochevalbonnemazou.com\/index.php\/produit\/parc-national-dordesa\/#primaryimage"},"image":{"@id":"https:\/\/randochevalbonnemazou.com\/index.php\/produit\/parc-national-dordesa\/#primaryimage"},"thumbnailUrl":"https:\/\/randochevalbonnemazou.com\/wp-content\/uploads\/2024\/03\/ordesa-1.jpg","datePublished":"2024-06-14T13:38:02+00:00","dateModified":"2025-11-14T20:09:21+00:00","breadcrumb":{"@id":"https:\/\/randochevalbonnemazou.com\/index.php\/produit\/parc-national-dordesa\/#breadcrumb"},"inLanguage":"fr-FR","potentialAction":[{"@type":"ReadAction","target":["https:\/\/randochevalbonnemazou.com\/index.php\/produit\/parc-national-dordesa\/"]}]},{"@type":"ImageObject","inLanguage":"fr-FR","@id":"https:\/\/randochevalbonnemazou.com\/index.php\/produit\/parc-national-dordesa\/#primaryimage","url":"https:\/\/randochevalbonnemazou.com\/wp-content\/uploads\/2024\/03\/ordesa-1.jpg","contentUrl":"https:\/\/randochevalbonnemazou.com\/wp-content\/uploads\/2024\/03\/ordesa-1.jpg","width":794,"height":446},{"@type":"BreadcrumbList","@id":"https:\/\/randochevalbonnemazou.com\/index.php\/produit\/parc-national-dordesa\/#breadcrumb","itemListElement":[{"@type":"ListItem","position":1,"name":"Accueil","item":"https:\/\/randochevalbonnemazou.com\/"},{"@type":"ListItem","position":2,"name":"Produits","item":"https:\/\/randochevalbonnemazou.com\/index.php\/shop\/"},{"@type":"ListItem","position":3,"name":"Parc National d&rsquo;Ordesa"}]},{"@type":"WebSite","@id":"https:\/\/randochevalbonnemazou.com\/#website","url":"https:\/\/randochevalbonnemazou.com\/","name":"Randonn\u00e9es \u00e0 cheval Bonnemazou","description":"","publisher":{"@id":"https:\/\/randochevalbonnemazou.com\/#\/schema\/person\/c5349355bf191cee665369b9c791061c"},"potentialAction":[{"@type":"SearchAction","target":{"@type":"EntryPoint","urlTemplate":"https:\/\/randochevalbonnemazou.com\/?s={search_term_string}"},"query-input":{"@type":"PropertyValueSpecification","valueRequired":true,"valueName":"search_term_string"}}],"inLanguage":"fr-FR"},{"@type":["Person","Organization"],"@id":"https:\/\/randochevalbonnemazou.com\/#\/schema\/person\/c5349355bf191cee665369b9c791061c","name":"randochevalbonnemazou.com","image":{"@type":"ImageObject","inLanguage":"fr-FR","@id":"https:\/\/randochevalbonnemazou.com\/#\/schema\/person\/image\/","url":"https:\/\/randochevalbonnemazou.com\/wp-content\/uploads\/2024\/03\/Logo-amarillo.png","contentUrl":"https:\/\/randochevalbonnemazou.com\/wp-content\/uploads\/2024\/03\/Logo-amarillo.png","width":1044,"height":608,"caption":"randochevalbonnemazou.com"},"logo":{"@id":"https:\/\/randochevalbonnemazou.com\/#\/schema\/person\/image\/"},"sameAs":["https:\/\/randochevalbonnemazou.com"]}]}},"_links":{"self":[{"href":"https:\/\/randochevalbonnemazou.com\/index.php\/wp-json\/wp\/v2\/product\/579","targetHints":{"allow":["GET"]}}],"collection":[{"href":"https:\/\/randochevalbonnemazou.com\/index.php\/wp-json\/wp\/v2\/product"}],"about":[{"href":"https:\/\/randochevalbonnemazou.com\/index.php\/wp-json\/wp\/v2\/types\/product"}],"version-history":[{"count":8,"href":"https:\/\/randochevalbonnemazou.com\/index.php\/wp-json\/wp\/v2\/product\/579\/revisions"}],"predecessor-version":[{"id":1015,"href":"https:\/\/randochevalbonnemazou.com\/index.php\/wp-json\/wp\/v2\/product\/579\/revisions\/1015"}],"wp:featuredmedia":[{"embeddable":true,"href":"https:\/\/randochevalbonnemazou.com\/index.php\/wp-json\/wp\/v2\/media\/210"}],"wp:attachment":[{"href":"https:\/\/randochevalbonnemazou.com\/index.php\/wp-json\/wp\/v2\/media?parent=579"}],"wp:term":[{"taxonomy":"product_brand","embeddable":true,"href":"https:\/\/randochevalbonnemazou.com\/index.php\/wp-json\/wp\/v2\/product_brand?post=579"},{"taxonomy":"product_cat","embeddable":true,"href":"https:\/\/randochevalbonnemazou.com\/index.php\/wp-json\/wp\/v2\/product_cat?post=579"},{"taxonomy":"product_tag","embeddable":true,"href":"https:\/\/randochevalbonnemazou.com\/index.php\/wp-json\/wp\/v2\/product_tag?post=579"}],"curies":[{"name":"wp","href":"https:\/\/api.w.org\/{rel}","templated":true}]}}