{"id":529,"date":"2024-06-14T10:50:20","date_gmt":"2024-06-14T08:50:20","guid":{"rendered":"https:\/\/randochevalbonnemazou.com\/?post_type=product&#038;p=529"},"modified":"2025-11-17T20:59:40","modified_gmt":"2025-11-17T19:59:40","slug":"parc-national-des-pyrenees","status":"publish","type":"product","link":"https:\/\/randochevalbonnemazou.com\/index.php\/produit\/parc-national-des-pyrenees\/","title":{"rendered":"Parc National des Pyr\u00e9n\u00e9es"},"content":{"rendered":"\t\t<div data-elementor-type=\"wp-post\" data-elementor-id=\"529\" class=\"elementor elementor-529\">\n\t\t\t\t<div class=\"elementor-element elementor-element-e71d603 e-flex e-con-boxed wpr-particle-no wpr-jarallax-no wpr-parallax-no wpr-sticky-section-no e-con e-parent\" data-id=\"e71d603\" data-element_type=\"container\" data-e-type=\"container\">\n\t\t\t\t\t<div class=\"e-con-inner\">\n\t\t\t\t<div class=\"elementor-element elementor-element-05754dc elementor-widget elementor-widget-video\" data-id=\"05754dc\" data-element_type=\"widget\" data-e-type=\"widget\" data-settings=\"{&quot;youtube_url&quot;:&quot;https:\\\/\\\/www.youtube.com\\\/watch?v=2LOdHmWgzK4&quot;,&quot;video_type&quot;:&quot;youtube&quot;,&quot;controls&quot;:&quot;yes&quot;}\" data-widget_type=\"video.default\">\n\t\t\t\t<div class=\"elementor-widget-container\">\n\t\t\t\t\t\t\t<div class=\"elementor-wrapper elementor-open-inline\">\n\t\t\t<div class=\"elementor-video\"><\/div>\t\t<\/div>\n\t\t\t\t\t\t<\/div>\n\t\t\t\t<\/div>\n\t\t\t\t\t<\/div>\n\t\t\t\t<\/div>\n\t\t<div class=\"elementor-element elementor-element-6beda41e e-flex e-con-boxed wpr-particle-no wpr-jarallax-no wpr-parallax-no wpr-sticky-section-no e-con e-parent\" data-id=\"6beda41e\" data-element_type=\"container\" data-e-type=\"container\">\n\t\t\t\t\t<div class=\"e-con-inner\">\n\t\t\t\t<div class=\"elementor-element elementor-element-2dcd52f5 elementor-widget elementor-widget-text-editor\" data-id=\"2dcd52f5\" data-element_type=\"widget\" data-e-type=\"widget\" data-widget_type=\"text-editor.default\">\n\t\t\t\t<div class=\"elementor-widget-container\">\n\t\t\t\t\t\t\t\t\t<p>Cette randonn\u00e9e vous m\u00e8nera \u00e0 plus de 2000m d\u2019altitude. Vous pourrez admirer la magie des \u00e9l\u00e9ments et d\u2019une mer de nuage, d\u00e9couvrir les marmottes, les isards, les rapaces ainsi que notre terroir. Au fil des jours vous rencontrerez des bergers et d\u00e9couvrirez la fabrication de leur fromage fermier.<\/p><p><span style=\"text-decoration: underline;\">Dur\u00e9e :<\/span> 4 ou 7 jours<\/p><p><span style=\"text-decoration: underline;\">P\u00e9riode :<\/span> Juillet \u2013 Ao\u00fbt<\/p><p><span style=\"text-decoration: underline;\">Itin\u00e9raire :<\/span><\/p><ul><li>1er Jour : Accous \u2013 Lescun<\/li><li>2e Jour : Lescun \u2013 Arlet<\/li><li>3e Jour : Arlet \u2013 Somport<\/li><li>4e Jour : Somport \u2013 Somport (lac d\u2019Estaens)<\/li><li>5e Jour : Somport \u2013 Gabas<\/li><li>6e Jour : Gabas \u2013 Gabas (tour du pic du midi d\u2019Ossau)<\/li><li>7e Jour : Gabas \u2013 Etsaut<\/li><\/ul>\t\t\t\t\t\t\t\t<\/div>\n\t\t\t\t<\/div>\n\t\t\t\t\t<\/div>\n\t\t\t\t<\/div>\n\t\t<div class=\"elementor-element elementor-element-1d7e82e e-flex e-con-boxed wpr-particle-no wpr-jarallax-no wpr-parallax-no wpr-sticky-section-no e-con e-parent\" data-id=\"1d7e82e\" data-element_type=\"container\" data-e-type=\"container\">\n\t\t\t\t\t<div class=\"e-con-inner\">\n\t\t\t\t<div class=\"elementor-element elementor-element-324c9b3 elementor-widget elementor-widget-heading\" data-id=\"324c9b3\" data-element_type=\"widget\" data-e-type=\"widget\" data-widget_type=\"heading.default\">\n\t\t\t\t<div class=\"elementor-widget-container\">\n\t\t\t\t\t<h2 class=\"elementor-heading-title elementor-size-default\"><span style=\"font-family: Syne, sans-serif;font-size: 12px;font-style: normal;font-weight: 600;text-align: center\">Les itin\u00e9raires sont donn\u00e9s \u00e0 titre indicatif et pourront \u00eatre modifi\u00e9s par l'organisateur en fonction de la saison ou des conditions climatiques.<\/span><\/h2>\t\t\t\t<\/div>\n\t\t\t\t<\/div>\n\t\t\t\t\t<\/div>\n\t\t\t\t<\/div>\n\t\t\t\t<\/div>\n\t\t","protected":false},"excerpt":{"rendered":"[embed]https:\/\/www.youtube.com\/watch?v=2LOdHmWgzK4[\/embed]\n<p>Cette randonn\u00e9e vous m\u00e8nera \u00e0 plus de 2000m d\u2019altitude. Vous pourrez admirer la magie des \u00e9l\u00e9ments et d\u2019une mer de nuage, d\u00e9couvrir les marmottes, les isards, les rapaces ainsi que notre terroir. Au fil des jours vous rencontrerez des bergers et d\u00e9couvrirez la fabrication de leur fromage fermier.<\/p>\n","protected":false},"featured_media":886,"template":"","meta":[],"product_brand":[],"product_cat":[18],"product_tag":[],"class_list":{"0":"post-529","1":"product","2":"type-product","3":"status-publish","4":"has-post-thumbnail","6":"product_cat-non-classe","7":"entry","8":"has-media","10":"first","11":"instock","12":"shipping-taxable","13":"purchasable","14":"product-type-simple"},"yoast_head":"<!-- This site is optimized with the Yoast SEO plugin v27.1.1 - https:\/\/yoast.com\/product\/yoast-seo-wordpress\/ -->\n<title>Parc National des Pyr\u00e9n\u00e9es - Randonn\u00e9es \u00e0 cheval Bonnemazou<\/title>\n<meta name=\"robots\" content=\"index, follow, max-snippet:-1, max-image-preview:large, max-video-preview:-1\" \/>\n<link rel=\"canonical\" href=\"https:\/\/randochevalbonnemazou.com\/index.php\/produit\/parc-national-des-pyrenees\/\" \/>\n<meta property=\"og:locale\" content=\"fr_FR\" \/>\n<meta property=\"og:type\" content=\"article\" \/>\n<meta property=\"og:title\" content=\"Parc National des Pyr\u00e9n\u00e9es - Randonn\u00e9es \u00e0 cheval Bonnemazou\" \/>\n<meta property=\"og:description\" content=\"Cette randonn\u00e9e vous m\u00e8nera \u00e0 plus de 2000m d\u2019altitude. Vous pourrez admirer la magie des \u00e9l\u00e9ments et d\u2019une mer de nuage, d\u00e9couvrir les marmottes, les isards, les rapaces ainsi que notre terroir. Au fil des jours vous rencontrerez des bergers et d\u00e9couvrirez la fabrication de leur fromage fermier.\" \/>\n<meta property=\"og:url\" content=\"https:\/\/randochevalbonnemazou.com\/index.php\/produit\/parc-national-des-pyrenees\/\" \/>\n<meta property=\"og:site_name\" content=\"Randonn\u00e9es \u00e0 cheval Bonnemazou\" \/>\n<meta property=\"article:modified_time\" content=\"2025-11-17T19:59:40+00:00\" \/>\n<meta property=\"og:image\" content=\"https:\/\/randochevalbonnemazou.com\/wp-content\/uploads\/2024\/06\/PN-PYRENEES-6-scaled.jpg\" \/>\n\t<meta property=\"og:image:width\" content=\"2560\" \/>\n\t<meta property=\"og:image:height\" content=\"1440\" \/>\n\t<meta property=\"og:image:type\" content=\"image\/jpeg\" \/>\n<meta name=\"twitter:card\" content=\"summary_large_image\" \/>\n<meta name=\"twitter:label1\" content=\"Dur\u00e9e de lecture estim\u00e9e\" \/>\n\t<meta name=\"twitter:data1\" content=\"1 minute\" \/>\n<script type=\"application\/ld+json\" class=\"yoast-schema-graph\">{\"@context\":\"https:\/\/schema.org\",\"@graph\":[{\"@type\":\"WebPage\",\"@id\":\"https:\/\/randochevalbonnemazou.com\/index.php\/produit\/parc-national-des-pyrenees\/\",\"url\":\"https:\/\/randochevalbonnemazou.com\/index.php\/produit\/parc-national-des-pyrenees\/\",\"name\":\"Parc National des Pyr\u00e9n\u00e9es - Randonn\u00e9es \u00e0 cheval Bonnemazou\",\"isPartOf\":{\"@id\":\"https:\/\/randochevalbonnemazou.com\/#website\"},\"primaryImageOfPage\":{\"@id\":\"https:\/\/randochevalbonnemazou.com\/index.php\/produit\/parc-national-des-pyrenees\/#primaryimage\"},\"image\":{\"@id\":\"https:\/\/randochevalbonnemazou.com\/index.php\/produit\/parc-national-des-pyrenees\/#primaryimage\"},\"thumbnailUrl\":\"https:\/\/randochevalbonnemazou.com\/wp-content\/uploads\/2024\/06\/PN-PYRENEES-6-scaled.jpg\",\"datePublished\":\"2024-06-14T08:50:20+00:00\",\"dateModified\":\"2025-11-17T19:59:40+00:00\",\"breadcrumb\":{\"@id\":\"https:\/\/randochevalbonnemazou.com\/index.php\/produit\/parc-national-des-pyrenees\/#breadcrumb\"},\"inLanguage\":\"fr-FR\",\"potentialAction\":[{\"@type\":\"ReadAction\",\"target\":[\"https:\/\/randochevalbonnemazou.com\/index.php\/produit\/parc-national-des-pyrenees\/\"]}]},{\"@type\":\"ImageObject\",\"inLanguage\":\"fr-FR\",\"@id\":\"https:\/\/randochevalbonnemazou.com\/index.php\/produit\/parc-national-des-pyrenees\/#primaryimage\",\"url\":\"https:\/\/randochevalbonnemazou.com\/wp-content\/uploads\/2024\/06\/PN-PYRENEES-6-scaled.jpg\",\"contentUrl\":\"https:\/\/randochevalbonnemazou.com\/wp-content\/uploads\/2024\/06\/PN-PYRENEES-6-scaled.jpg\",\"width\":2560,\"height\":1440},{\"@type\":\"BreadcrumbList\",\"@id\":\"https:\/\/randochevalbonnemazou.com\/index.php\/produit\/parc-national-des-pyrenees\/#breadcrumb\",\"itemListElement\":[{\"@type\":\"ListItem\",\"position\":1,\"name\":\"Accueil\",\"item\":\"https:\/\/randochevalbonnemazou.com\/\"},{\"@type\":\"ListItem\",\"position\":2,\"name\":\"Produits\",\"item\":\"https:\/\/randochevalbonnemazou.com\/index.php\/shop\/\"},{\"@type\":\"ListItem\",\"position\":3,\"name\":\"Parc National des Pyr\u00e9n\u00e9es\"}]},{\"@type\":\"WebSite\",\"@id\":\"https:\/\/randochevalbonnemazou.com\/#website\",\"url\":\"https:\/\/randochevalbonnemazou.com\/\",\"name\":\"Randonn\u00e9es \u00e0 cheval Bonnemazou\",\"description\":\"\",\"publisher\":{\"@id\":\"https:\/\/randochevalbonnemazou.com\/#\/schema\/person\/c5349355bf191cee665369b9c791061c\"},\"potentialAction\":[{\"@type\":\"SearchAction\",\"target\":{\"@type\":\"EntryPoint\",\"urlTemplate\":\"https:\/\/randochevalbonnemazou.com\/?s={search_term_string}\"},\"query-input\":{\"@type\":\"PropertyValueSpecification\",\"valueRequired\":true,\"valueName\":\"search_term_string\"}}],\"inLanguage\":\"fr-FR\"},{\"@type\":[\"Person\",\"Organization\"],\"@id\":\"https:\/\/randochevalbonnemazou.com\/#\/schema\/person\/c5349355bf191cee665369b9c791061c\",\"name\":\"randochevalbonnemazou.com\",\"image\":{\"@type\":\"ImageObject\",\"inLanguage\":\"fr-FR\",\"@id\":\"https:\/\/randochevalbonnemazou.com\/#\/schema\/person\/image\/\",\"url\":\"https:\/\/randochevalbonnemazou.com\/wp-content\/uploads\/2024\/03\/Logo-amarillo.png\",\"contentUrl\":\"https:\/\/randochevalbonnemazou.com\/wp-content\/uploads\/2024\/03\/Logo-amarillo.png\",\"width\":1044,\"height\":608,\"caption\":\"randochevalbonnemazou.com\"},\"logo\":{\"@id\":\"https:\/\/randochevalbonnemazou.com\/#\/schema\/person\/image\/\"},\"sameAs\":[\"https:\/\/randochevalbonnemazou.com\"]}]}<\/script>\n<!-- \/ Yoast SEO plugin. -->","yoast_head_json":{"title":"Parc National des Pyr\u00e9n\u00e9es - Randonn\u00e9es \u00e0 cheval Bonnemazou","robots":{"index":"index","follow":"follow","max-snippet":"max-snippet:-1","max-image-preview":"max-image-preview:large","max-video-preview":"max-video-preview:-1"},"canonical":"https:\/\/randochevalbonnemazou.com\/index.php\/produit\/parc-national-des-pyrenees\/","og_locale":"fr_FR","og_type":"article","og_title":"Parc National des Pyr\u00e9n\u00e9es - Randonn\u00e9es \u00e0 cheval Bonnemazou","og_description":"Cette randonn\u00e9e vous m\u00e8nera \u00e0 plus de 2000m d\u2019altitude. Vous pourrez admirer la magie des \u00e9l\u00e9ments et d\u2019une mer de nuage, d\u00e9couvrir les marmottes, les isards, les rapaces ainsi que notre terroir. Au fil des jours vous rencontrerez des bergers et d\u00e9couvrirez la fabrication de leur fromage fermier.","og_url":"https:\/\/randochevalbonnemazou.com\/index.php\/produit\/parc-national-des-pyrenees\/","og_site_name":"Randonn\u00e9es \u00e0 cheval Bonnemazou","article_modified_time":"2025-11-17T19:59:40+00:00","og_image":[{"width":2560,"height":1440,"url":"https:\/\/randochevalbonnemazou.com\/wp-content\/uploads\/2024\/06\/PN-PYRENEES-6-scaled.jpg","type":"image\/jpeg"}],"twitter_card":"summary_large_image","twitter_misc":{"Dur\u00e9e de lecture estim\u00e9e":"1 minute"},"schema":{"@context":"https:\/\/schema.org","@graph":[{"@type":"WebPage","@id":"https:\/\/randochevalbonnemazou.com\/index.php\/produit\/parc-national-des-pyrenees\/","url":"https:\/\/randochevalbonnemazou.com\/index.php\/produit\/parc-national-des-pyrenees\/","name":"Parc National des Pyr\u00e9n\u00e9es - Randonn\u00e9es \u00e0 cheval Bonnemazou","isPartOf":{"@id":"https:\/\/randochevalbonnemazou.com\/#website"},"primaryImageOfPage":{"@id":"https:\/\/randochevalbonnemazou.com\/index.php\/produit\/parc-national-des-pyrenees\/#primaryimage"},"image":{"@id":"https:\/\/randochevalbonnemazou.com\/index.php\/produit\/parc-national-des-pyrenees\/#primaryimage"},"thumbnailUrl":"https:\/\/randochevalbonnemazou.com\/wp-content\/uploads\/2024\/06\/PN-PYRENEES-6-scaled.jpg","datePublished":"2024-06-14T08:50:20+00:00","dateModified":"2025-11-17T19:59:40+00:00","breadcrumb":{"@id":"https:\/\/randochevalbonnemazou.com\/index.php\/produit\/parc-national-des-pyrenees\/#breadcrumb"},"inLanguage":"fr-FR","potentialAction":[{"@type":"ReadAction","target":["https:\/\/randochevalbonnemazou.com\/index.php\/produit\/parc-national-des-pyrenees\/"]}]},{"@type":"ImageObject","inLanguage":"fr-FR","@id":"https:\/\/randochevalbonnemazou.com\/index.php\/produit\/parc-national-des-pyrenees\/#primaryimage","url":"https:\/\/randochevalbonnemazou.com\/wp-content\/uploads\/2024\/06\/PN-PYRENEES-6-scaled.jpg","contentUrl":"https:\/\/randochevalbonnemazou.com\/wp-content\/uploads\/2024\/06\/PN-PYRENEES-6-scaled.jpg","width":2560,"height":1440},{"@type":"BreadcrumbList","@id":"https:\/\/randochevalbonnemazou.com\/index.php\/produit\/parc-national-des-pyrenees\/#breadcrumb","itemListElement":[{"@type":"ListItem","position":1,"name":"Accueil","item":"https:\/\/randochevalbonnemazou.com\/"},{"@type":"ListItem","position":2,"name":"Produits","item":"https:\/\/randochevalbonnemazou.com\/index.php\/shop\/"},{"@type":"ListItem","position":3,"name":"Parc National des Pyr\u00e9n\u00e9es"}]},{"@type":"WebSite","@id":"https:\/\/randochevalbonnemazou.com\/#website","url":"https:\/\/randochevalbonnemazou.com\/","name":"Randonn\u00e9es \u00e0 cheval Bonnemazou","description":"","publisher":{"@id":"https:\/\/randochevalbonnemazou.com\/#\/schema\/person\/c5349355bf191cee665369b9c791061c"},"potentialAction":[{"@type":"SearchAction","target":{"@type":"EntryPoint","urlTemplate":"https:\/\/randochevalbonnemazou.com\/?s={search_term_string}"},"query-input":{"@type":"PropertyValueSpecification","valueRequired":true,"valueName":"search_term_string"}}],"inLanguage":"fr-FR"},{"@type":["Person","Organization"],"@id":"https:\/\/randochevalbonnemazou.com\/#\/schema\/person\/c5349355bf191cee665369b9c791061c","name":"randochevalbonnemazou.com","image":{"@type":"ImageObject","inLanguage":"fr-FR","@id":"https:\/\/randochevalbonnemazou.com\/#\/schema\/person\/image\/","url":"https:\/\/randochevalbonnemazou.com\/wp-content\/uploads\/2024\/03\/Logo-amarillo.png","contentUrl":"https:\/\/randochevalbonnemazou.com\/wp-content\/uploads\/2024\/03\/Logo-amarillo.png","width":1044,"height":608,"caption":"randochevalbonnemazou.com"},"logo":{"@id":"https:\/\/randochevalbonnemazou.com\/#\/schema\/person\/image\/"},"sameAs":["https:\/\/randochevalbonnemazou.com"]}]}},"_links":{"self":[{"href":"https:\/\/randochevalbonnemazou.com\/index.php\/wp-json\/wp\/v2\/product\/529","targetHints":{"allow":["GET"]}}],"collection":[{"href":"https:\/\/randochevalbonnemazou.com\/index.php\/wp-json\/wp\/v2\/product"}],"about":[{"href":"https:\/\/randochevalbonnemazou.com\/index.php\/wp-json\/wp\/v2\/types\/product"}],"version-history":[{"count":58,"href":"https:\/\/randochevalbonnemazou.com\/index.php\/wp-json\/wp\/v2\/product\/529\/revisions"}],"predecessor-version":[{"id":1138,"href":"https:\/\/randochevalbonnemazou.com\/index.php\/wp-json\/wp\/v2\/product\/529\/revisions\/1138"}],"wp:featuredmedia":[{"embeddable":true,"href":"https:\/\/randochevalbonnemazou.com\/index.php\/wp-json\/wp\/v2\/media\/886"}],"wp:attachment":[{"href":"https:\/\/randochevalbonnemazou.com\/index.php\/wp-json\/wp\/v2\/media?parent=529"}],"wp:term":[{"taxonomy":"product_brand","embeddable":true,"href":"https:\/\/randochevalbonnemazou.com\/index.php\/wp-json\/wp\/v2\/product_brand?post=529"},{"taxonomy":"product_cat","embeddable":true,"href":"https:\/\/randochevalbonnemazou.com\/index.php\/wp-json\/wp\/v2\/product_cat?post=529"},{"taxonomy":"product_tag","embeddable":true,"href":"https:\/\/randochevalbonnemazou.com\/index.php\/wp-json\/wp\/v2\/product_tag?post=529"}],"curies":[{"name":"wp","href":"https:\/\/api.w.org\/{rel}","templated":true}]}}