{"id":21,"date":"2024-03-08T10:13:03","date_gmt":"2024-03-08T09:13:03","guid":{"rendered":"https:\/\/randochevalbonnemazou.com\/?page_id=21"},"modified":"2026-04-15T21:12:51","modified_gmt":"2026-04-15T19:12:51","slug":"tarif-disponibilites","status":"publish","type":"page","link":"https:\/\/randochevalbonnemazou.com\/index.php\/tarif-disponibilites\/","title":{"rendered":"Tarif &#038; disponibilit\u00e9s"},"content":{"rendered":"\t\t<div data-elementor-type=\"wp-page\" data-elementor-id=\"21\" class=\"elementor elementor-21\">\n\t\t\t\t<div class=\"elementor-element elementor-element-dcbf6f7 e-flex e-con-boxed wpr-particle-no wpr-jarallax-no wpr-parallax-no wpr-sticky-section-no e-con e-parent\" data-id=\"dcbf6f7\" data-element_type=\"container\" data-e-type=\"container\">\n\t\t\t\t\t<div class=\"e-con-inner\">\n\t\t\t\t<div class=\"elementor-element elementor-element-f3e8880 elementor-widget elementor-widget-image\" data-id=\"f3e8880\" data-element_type=\"widget\" data-e-type=\"widget\" data-widget_type=\"image.default\">\n\t\t\t\t<div class=\"elementor-widget-container\">\n\t\t\t\t\t\t\t\t\t\t\t\t\t\t\t<img fetchpriority=\"high\" decoding=\"async\" width=\"608\" height=\"1024\" src=\"https:\/\/randochevalbonnemazou.com\/wp-content\/uploads\/2025\/12\/2026-PROGRAMME-CHEVAL-608x1024.jpg\" class=\"attachment-large size-large wp-image-1407\" alt=\"\" srcset=\"https:\/\/randochevalbonnemazou.com\/wp-content\/uploads\/2025\/12\/2026-PROGRAMME-CHEVAL-608x1024.jpg 608w, https:\/\/randochevalbonnemazou.com\/wp-content\/uploads\/2025\/12\/2026-PROGRAMME-CHEVAL-178x300.jpg 178w, https:\/\/randochevalbonnemazou.com\/wp-content\/uploads\/2025\/12\/2026-PROGRAMME-CHEVAL-768x1293.jpg 768w, https:\/\/randochevalbonnemazou.com\/wp-content\/uploads\/2025\/12\/2026-PROGRAMME-CHEVAL-912x1536.jpg 912w, https:\/\/randochevalbonnemazou.com\/wp-content\/uploads\/2025\/12\/2026-PROGRAMME-CHEVAL-1216x2048.jpg 1216w, https:\/\/randochevalbonnemazou.com\/wp-content\/uploads\/2025\/12\/2026-PROGRAMME-CHEVAL-600x1010.jpg 600w, https:\/\/randochevalbonnemazou.com\/wp-content\/uploads\/2025\/12\/2026-PROGRAMME-CHEVAL-scaled.jpg 1520w\" sizes=\"(max-width: 608px) 100vw, 608px\" \/>\t\t\t\t\t\t\t\t\t\t\t\t\t\t\t<\/div>\n\t\t\t\t<\/div>\n\t\t\t\t\t<\/div>\n\t\t\t\t<\/div>\n\t\t<div class=\"elementor-element elementor-element-20ad4fa e-flex e-con-boxed wpr-particle-no wpr-jarallax-no wpr-parallax-no wpr-sticky-section-no e-con e-parent\" data-id=\"20ad4fa\" data-element_type=\"container\" data-e-type=\"container\">\n\t\t\t\t\t<div class=\"e-con-inner\">\n\t\t\t\t<div class=\"elementor-element elementor-element-2e59d64 elementor-widget elementor-widget-image\" data-id=\"2e59d64\" data-element_type=\"widget\" data-e-type=\"widget\" data-widget_type=\"image.default\">\n\t\t\t\t<div class=\"elementor-widget-container\">\n\t\t\t\t\t\t\t\t\t\t\t\t\t\t\t<img decoding=\"async\" width=\"1024\" height=\"724\" src=\"https:\/\/randochevalbonnemazou.com\/wp-content\/uploads\/2026\/04\/Calendrier-DG-1024x724.jpg\" class=\"attachment-large size-large wp-image-1694\" alt=\"\" srcset=\"https:\/\/randochevalbonnemazou.com\/wp-content\/uploads\/2026\/04\/Calendrier-DG-1024x724.jpg 1024w, https:\/\/randochevalbonnemazou.com\/wp-content\/uploads\/2026\/04\/Calendrier-DG-300x212.jpg 300w, https:\/\/randochevalbonnemazou.com\/wp-content\/uploads\/2026\/04\/Calendrier-DG-768x543.jpg 768w, https:\/\/randochevalbonnemazou.com\/wp-content\/uploads\/2026\/04\/Calendrier-DG-1536x1086.jpg 1536w, https:\/\/randochevalbonnemazou.com\/wp-content\/uploads\/2026\/04\/Calendrier-DG-2048x1448.jpg 2048w, https:\/\/randochevalbonnemazou.com\/wp-content\/uploads\/2026\/04\/Calendrier-DG-600x424.jpg 600w\" sizes=\"(max-width: 1024px) 100vw, 1024px\" \/>\t\t\t\t\t\t\t\t\t\t\t\t\t\t\t<\/div>\n\t\t\t\t<\/div>\n\t\t\t\t\t<\/div>\n\t\t\t\t<\/div>\n\t\t\t\t<\/div>\n\t\t","protected":false},"excerpt":{"rendered":"","protected":false},"author":1,"featured_media":0,"parent":0,"menu_order":0,"comment_status":"closed","ping_status":"closed","template":"","meta":{"footnotes":""},"class_list":["post-21","page","type-page","status-publish","hentry","entry"],"yoast_head":"<!-- This site is optimized with the Yoast SEO plugin v27.1.1 - https:\/\/yoast.com\/product\/yoast-seo-wordpress\/ -->\n<title>Tarif &amp; disponibilit\u00e9s - Randonn\u00e9es \u00e0 cheval Bonnemazou<\/title>\n<meta name=\"robots\" content=\"index, follow, max-snippet:-1, max-image-preview:large, max-video-preview:-1\" \/>\n<link rel=\"canonical\" href=\"https:\/\/randochevalbonnemazou.com\/index.php\/tarif-disponibilites\/\" \/>\n<meta property=\"og:locale\" content=\"fr_FR\" \/>\n<meta property=\"og:type\" content=\"article\" \/>\n<meta property=\"og:title\" content=\"Tarif &amp; disponibilit\u00e9s - Randonn\u00e9es \u00e0 cheval Bonnemazou\" \/>\n<meta property=\"og:url\" content=\"https:\/\/randochevalbonnemazou.com\/index.php\/tarif-disponibilites\/\" \/>\n<meta property=\"og:site_name\" content=\"Randonn\u00e9es \u00e0 cheval Bonnemazou\" \/>\n<meta property=\"article:modified_time\" content=\"2026-04-15T19:12:51+00:00\" \/>\n<meta property=\"og:image\" content=\"https:\/\/randochevalbonnemazou.com\/wp-content\/uploads\/2025\/12\/2026-PROGRAMME-CHEVAL-scaled.jpg\" \/>\n\t<meta property=\"og:image:width\" content=\"1520\" \/>\n\t<meta property=\"og:image:height\" content=\"2560\" \/>\n\t<meta property=\"og:image:type\" content=\"image\/jpeg\" \/>\n<meta name=\"twitter:card\" content=\"summary_large_image\" \/>\n<meta name=\"twitter:label1\" content=\"Dur\u00e9e de lecture estim\u00e9e\" \/>\n\t<meta name=\"twitter:data1\" content=\"1 minute\" \/>\n<script type=\"application\/ld+json\" class=\"yoast-schema-graph\">{\"@context\":\"https:\/\/schema.org\",\"@graph\":[{\"@type\":\"WebPage\",\"@id\":\"https:\/\/randochevalbonnemazou.com\/index.php\/tarif-disponibilites\/\",\"url\":\"https:\/\/randochevalbonnemazou.com\/index.php\/tarif-disponibilites\/\",\"name\":\"Tarif & disponibilit\u00e9s - Randonn\u00e9es \u00e0 cheval Bonnemazou\",\"isPartOf\":{\"@id\":\"https:\/\/randochevalbonnemazou.com\/#website\"},\"primaryImageOfPage\":{\"@id\":\"https:\/\/randochevalbonnemazou.com\/index.php\/tarif-disponibilites\/#primaryimage\"},\"image\":{\"@id\":\"https:\/\/randochevalbonnemazou.com\/index.php\/tarif-disponibilites\/#primaryimage\"},\"thumbnailUrl\":\"https:\/\/randochevalbonnemazou.com\/wp-content\/uploads\/2025\/12\/2026-PROGRAMME-CHEVAL-608x1024.jpg\",\"datePublished\":\"2024-03-08T09:13:03+00:00\",\"dateModified\":\"2026-04-15T19:12:51+00:00\",\"breadcrumb\":{\"@id\":\"https:\/\/randochevalbonnemazou.com\/index.php\/tarif-disponibilites\/#breadcrumb\"},\"inLanguage\":\"fr-FR\",\"potentialAction\":[{\"@type\":\"ReadAction\",\"target\":[\"https:\/\/randochevalbonnemazou.com\/index.php\/tarif-disponibilites\/\"]}]},{\"@type\":\"ImageObject\",\"inLanguage\":\"fr-FR\",\"@id\":\"https:\/\/randochevalbonnemazou.com\/index.php\/tarif-disponibilites\/#primaryimage\",\"url\":\"https:\/\/randochevalbonnemazou.com\/wp-content\/uploads\/2025\/12\/2026-PROGRAMME-CHEVAL-scaled.jpg\",\"contentUrl\":\"https:\/\/randochevalbonnemazou.com\/wp-content\/uploads\/2025\/12\/2026-PROGRAMME-CHEVAL-scaled.jpg\",\"width\":1520,\"height\":2560},{\"@type\":\"BreadcrumbList\",\"@id\":\"https:\/\/randochevalbonnemazou.com\/index.php\/tarif-disponibilites\/#breadcrumb\",\"itemListElement\":[{\"@type\":\"ListItem\",\"position\":1,\"name\":\"Accueil\",\"item\":\"https:\/\/randochevalbonnemazou.com\/\"},{\"@type\":\"ListItem\",\"position\":2,\"name\":\"Tarif &#038; disponibilit\u00e9s\"}]},{\"@type\":\"WebSite\",\"@id\":\"https:\/\/randochevalbonnemazou.com\/#website\",\"url\":\"https:\/\/randochevalbonnemazou.com\/\",\"name\":\"Randonn\u00e9es \u00e0 cheval Bonnemazou\",\"description\":\"\",\"publisher\":{\"@id\":\"https:\/\/randochevalbonnemazou.com\/#\/schema\/person\/c5349355bf191cee665369b9c791061c\"},\"potentialAction\":[{\"@type\":\"SearchAction\",\"target\":{\"@type\":\"EntryPoint\",\"urlTemplate\":\"https:\/\/randochevalbonnemazou.com\/?s={search_term_string}\"},\"query-input\":{\"@type\":\"PropertyValueSpecification\",\"valueRequired\":true,\"valueName\":\"search_term_string\"}}],\"inLanguage\":\"fr-FR\"},{\"@type\":[\"Person\",\"Organization\"],\"@id\":\"https:\/\/randochevalbonnemazou.com\/#\/schema\/person\/c5349355bf191cee665369b9c791061c\",\"name\":\"randochevalbonnemazou.com\",\"image\":{\"@type\":\"ImageObject\",\"inLanguage\":\"fr-FR\",\"@id\":\"https:\/\/randochevalbonnemazou.com\/#\/schema\/person\/image\/\",\"url\":\"https:\/\/randochevalbonnemazou.com\/wp-content\/uploads\/2024\/03\/Logo-amarillo.png\",\"contentUrl\":\"https:\/\/randochevalbonnemazou.com\/wp-content\/uploads\/2024\/03\/Logo-amarillo.png\",\"width\":1044,\"height\":608,\"caption\":\"randochevalbonnemazou.com\"},\"logo\":{\"@id\":\"https:\/\/randochevalbonnemazou.com\/#\/schema\/person\/image\/\"},\"sameAs\":[\"https:\/\/randochevalbonnemazou.com\"]}]}<\/script>\n<!-- \/ Yoast SEO plugin. -->","yoast_head_json":{"title":"Tarif & disponibilit\u00e9s - Randonn\u00e9es \u00e0 cheval Bonnemazou","robots":{"index":"index","follow":"follow","max-snippet":"max-snippet:-1","max-image-preview":"max-image-preview:large","max-video-preview":"max-video-preview:-1"},"canonical":"https:\/\/randochevalbonnemazou.com\/index.php\/tarif-disponibilites\/","og_locale":"fr_FR","og_type":"article","og_title":"Tarif & disponibilit\u00e9s - Randonn\u00e9es \u00e0 cheval Bonnemazou","og_url":"https:\/\/randochevalbonnemazou.com\/index.php\/tarif-disponibilites\/","og_site_name":"Randonn\u00e9es \u00e0 cheval Bonnemazou","article_modified_time":"2026-04-15T19:12:51+00:00","og_image":[{"width":1520,"height":2560,"url":"https:\/\/randochevalbonnemazou.com\/wp-content\/uploads\/2025\/12\/2026-PROGRAMME-CHEVAL-scaled.jpg","type":"image\/jpeg"}],"twitter_card":"summary_large_image","twitter_misc":{"Dur\u00e9e de lecture estim\u00e9e":"1 minute"},"schema":{"@context":"https:\/\/schema.org","@graph":[{"@type":"WebPage","@id":"https:\/\/randochevalbonnemazou.com\/index.php\/tarif-disponibilites\/","url":"https:\/\/randochevalbonnemazou.com\/index.php\/tarif-disponibilites\/","name":"Tarif & disponibilit\u00e9s - Randonn\u00e9es \u00e0 cheval Bonnemazou","isPartOf":{"@id":"https:\/\/randochevalbonnemazou.com\/#website"},"primaryImageOfPage":{"@id":"https:\/\/randochevalbonnemazou.com\/index.php\/tarif-disponibilites\/#primaryimage"},"image":{"@id":"https:\/\/randochevalbonnemazou.com\/index.php\/tarif-disponibilites\/#primaryimage"},"thumbnailUrl":"https:\/\/randochevalbonnemazou.com\/wp-content\/uploads\/2025\/12\/2026-PROGRAMME-CHEVAL-608x1024.jpg","datePublished":"2024-03-08T09:13:03+00:00","dateModified":"2026-04-15T19:12:51+00:00","breadcrumb":{"@id":"https:\/\/randochevalbonnemazou.com\/index.php\/tarif-disponibilites\/#breadcrumb"},"inLanguage":"fr-FR","potentialAction":[{"@type":"ReadAction","target":["https:\/\/randochevalbonnemazou.com\/index.php\/tarif-disponibilites\/"]}]},{"@type":"ImageObject","inLanguage":"fr-FR","@id":"https:\/\/randochevalbonnemazou.com\/index.php\/tarif-disponibilites\/#primaryimage","url":"https:\/\/randochevalbonnemazou.com\/wp-content\/uploads\/2025\/12\/2026-PROGRAMME-CHEVAL-scaled.jpg","contentUrl":"https:\/\/randochevalbonnemazou.com\/wp-content\/uploads\/2025\/12\/2026-PROGRAMME-CHEVAL-scaled.jpg","width":1520,"height":2560},{"@type":"BreadcrumbList","@id":"https:\/\/randochevalbonnemazou.com\/index.php\/tarif-disponibilites\/#breadcrumb","itemListElement":[{"@type":"ListItem","position":1,"name":"Accueil","item":"https:\/\/randochevalbonnemazou.com\/"},{"@type":"ListItem","position":2,"name":"Tarif &#038; disponibilit\u00e9s"}]},{"@type":"WebSite","@id":"https:\/\/randochevalbonnemazou.com\/#website","url":"https:\/\/randochevalbonnemazou.com\/","name":"Randonn\u00e9es \u00e0 cheval Bonnemazou","description":"","publisher":{"@id":"https:\/\/randochevalbonnemazou.com\/#\/schema\/person\/c5349355bf191cee665369b9c791061c"},"potentialAction":[{"@type":"SearchAction","target":{"@type":"EntryPoint","urlTemplate":"https:\/\/randochevalbonnemazou.com\/?s={search_term_string}"},"query-input":{"@type":"PropertyValueSpecification","valueRequired":true,"valueName":"search_term_string"}}],"inLanguage":"fr-FR"},{"@type":["Person","Organization"],"@id":"https:\/\/randochevalbonnemazou.com\/#\/schema\/person\/c5349355bf191cee665369b9c791061c","name":"randochevalbonnemazou.com","image":{"@type":"ImageObject","inLanguage":"fr-FR","@id":"https:\/\/randochevalbonnemazou.com\/#\/schema\/person\/image\/","url":"https:\/\/randochevalbonnemazou.com\/wp-content\/uploads\/2024\/03\/Logo-amarillo.png","contentUrl":"https:\/\/randochevalbonnemazou.com\/wp-content\/uploads\/2024\/03\/Logo-amarillo.png","width":1044,"height":608,"caption":"randochevalbonnemazou.com"},"logo":{"@id":"https:\/\/randochevalbonnemazou.com\/#\/schema\/person\/image\/"},"sameAs":["https:\/\/randochevalbonnemazou.com"]}]}},"_links":{"self":[{"href":"https:\/\/randochevalbonnemazou.com\/index.php\/wp-json\/wp\/v2\/pages\/21","targetHints":{"allow":["GET"]}}],"collection":[{"href":"https:\/\/randochevalbonnemazou.com\/index.php\/wp-json\/wp\/v2\/pages"}],"about":[{"href":"https:\/\/randochevalbonnemazou.com\/index.php\/wp-json\/wp\/v2\/types\/page"}],"author":[{"embeddable":true,"href":"https:\/\/randochevalbonnemazou.com\/index.php\/wp-json\/wp\/v2\/users\/1"}],"replies":[{"embeddable":true,"href":"https:\/\/randochevalbonnemazou.com\/index.php\/wp-json\/wp\/v2\/comments?post=21"}],"version-history":[{"count":172,"href":"https:\/\/randochevalbonnemazou.com\/index.php\/wp-json\/wp\/v2\/pages\/21\/revisions"}],"predecessor-version":[{"id":1697,"href":"https:\/\/randochevalbonnemazou.com\/index.php\/wp-json\/wp\/v2\/pages\/21\/revisions\/1697"}],"wp:attachment":[{"href":"https:\/\/randochevalbonnemazou.com\/index.php\/wp-json\/wp\/v2\/media?parent=21"}],"curies":[{"name":"wp","href":"https:\/\/api.w.org\/{rel}","templated":true}]}}